{"id":9,"date":"2017-01-23T06:09:12","date_gmt":"2017-01-23T06:09:12","guid":{"rendered":"http:\/\/www.gruber.cz\/tdp\/?page_id=9"},"modified":"2025-07-14T15:31:38","modified_gmt":"2025-07-14T15:31:38","slug":"terminy-kurzu","status":"publish","type":"page","link":"https:\/\/www.gruber.cz\/tdp\/terminy-kurzu\/","title":{"rendered":"Term\u00edny kurz\u016f"},"content":{"rendered":"<p>Ozv\u011bte se emailem na adresu <a href=\"mailto:info@gruber.cz\">info@gruber.cz<\/a> nebo telefonicky na \u010d\u00edsle 605 833 652.<\/p>\n<p><!--\n\n--><\/p>\n<table style=\"height: 1229px;\" border=\"0\" width=\"580\" cellpadding=\"4\">\n<tbody>\n<tr>\n<td colspan=\"5\" align=\"center\"><b> 2 0 2 5 + <\/b><\/td>\n<\/tr>\n<tr>\n<td colspan=\"5\" align=\"center\">Po individu\u00e1ln\u00ed domluv\u011b&#8230;<\/td>\n<\/tr>\n<tr>\n<td align=\"right\"><b>Term\u00edn<\/b><\/td>\n<td><b>N\u00e1zev kurzu<\/b><\/td>\n<td><b>Cena<\/b><\/td>\n<td><b>Organizuje<\/b><\/td>\n<td><b>M\u00edsto<\/b><\/td>\n<\/tr>\n<tr>\n<td colspan=\"5\" align=\"center\"><b> &#8211; &#8211; &#8211; &#8211; &#8211; &#8211; &#8211; &#8211; &#8211; &#8211; &#8211; &#8211; &#8211; &#8211; &#8211; &#8211; &#8211; <\/b><\/td>\n<\/tr>\n<tr>\n<td colspan=\"5\" align=\"center\"><b> 2 0 2 4 <\/b><\/td>\n<\/tr>\n<tr>\n<td align=\"right\"><b>Term\u00edn<\/b><\/td>\n<td><b>N\u00e1zev kurzu<\/b><\/td>\n<td><b>Cena<\/b><\/td>\n<td><b>Organizuje<\/b><\/td>\n<td><b>M\u00edsto<\/b><\/td>\n<\/tr>\n<tr>\n<td align=\"right\"><span style=\"color: #999999;\">16.5. 2024<\/span><\/td>\n<td><span style=\"color: #999999;\">Rychlo\u010dten\u00ed \u2013 stru\u010dn\u00fd efektivn\u00ed jednodenn\u00ed tr\u00e9nink<\/span><\/td>\n<td><span style=\"color: #999999;\">dle katalogu VOX<\/span><\/td>\n<td><span style=\"color: #999999;\">(VOX)<\/span><\/td>\n<td><span style=\"color: #999999;\">Praha<\/span><\/td>\n<\/tr>\n<tr>\n<td align=\"right\"><span style=\"color: #999999;\">21.10. 2024<\/span><\/td>\n<td><span style=\"color: #999999;\">Rychlo\u010dten\u00ed \u2013 stru\u010dn\u00fd efektivn\u00ed jednodenn\u00ed tr\u00e9nink<\/span><\/td>\n<td><span style=\"color: #999999;\">dle katalogu VOX<\/span><\/td>\n<td><span style=\"color: #999999;\">(VOX)<\/span><\/td>\n<td><span style=\"color: #999999;\">Praha<\/span><\/td>\n<\/tr>\n<tr>\n<td align=\"right\">13.11. 2024<\/td>\n<td>Rychlo\u010dten\u00ed \u2013 stru\u010dn\u00fd efektivn\u00ed jednodenn\u00ed tr\u00e9nink<\/td>\n<td>dle katalogu VOX<\/td>\n<td>(VOX)<\/td>\n<td>Praha<\/td>\n<\/tr>\n<tr>\n<td colspan=\"5\" align=\"center\"><b> 2 0 2 3 <\/b><\/td>\n<\/tr>\n<tr>\n<td align=\"right\"><b>Term\u00edn<\/b><\/td>\n<td><b>N\u00e1zev kurzu<\/b><\/td>\n<td><b>Cena<\/b><\/td>\n<td><b>Organizuje<\/b><\/td>\n<td><b>M\u00edsto<\/b><\/td>\n<\/tr>\n<tr>\n<td align=\"right\">29.11. &#8211; 30.11. 2023<\/td>\n<td>Vybran\u00e9 atraktivn\u00ed komunika\u010dn\u00ed dovednosti<\/td>\n<td>dle katalogu VOX<\/td>\n<td>(VOX)<\/td>\n<td>Praha<\/td>\n<\/tr>\n<tr>\n<td align=\"right\"><span style=\"color: #999999;\">31.3. 2023<\/span><\/td>\n<td><span style=\"color: #999999;\">Zlep\u0161ete si koncentraci, tvo\u0159ivost, motiva\u010dn\u00ed schopnosti<\/span><\/td>\n<td><span style=\"color: #999999;\">dle katalogu VOX<\/span><\/td>\n<td><span style=\"color: #999999;\">(VOX)<\/span><\/td>\n<td><span style=\"color: #999999;\">Praha<\/span><\/td>\n<\/tr>\n<tr>\n<td align=\"right\"><span style=\"color: #999999;\">25.4. 2023<\/span><\/td>\n<td><span style=\"color: #999999;\">Rychlo\u010dten\u00ed \u2013 stru\u010dn\u00fd efektivn\u00ed jednodenn\u00ed tr\u00e9nink<\/span><\/td>\n<td><span style=\"color: #999999;\">dle katalogu VOX<\/span><\/td>\n<td><span style=\"color: #999999;\">(VOX)<\/span><\/td>\n<td><span style=\"color: #999999;\">Praha<\/span><\/td>\n<\/tr>\n<tr>\n<td align=\"right\"><span style=\"color: #999999;\">5.5. 2023<\/span><\/td>\n<td><span style=\"color: #999999;\">Zlep\u0161ete si koncentraci, tvo\u0159ivost, motiva\u010dn\u00ed schopnosti<\/span><\/td>\n<td><span style=\"color: #999999;\">dle katalogu VOX<\/span><\/td>\n<td><span style=\"color: #999999;\">(VOX)<\/span><\/td>\n<td><span style=\"color: #999999;\">Praha<\/span><\/td>\n<\/tr>\n<tr>\n<td align=\"right\"><span style=\"color: #999999;\">31.5. &#8211; 1.6. 2023<\/span><\/td>\n<td><span style=\"color: #999999;\">Rychlo\u010dten\u00ed dvoudenn\u00ed<\/span><\/td>\n<td><span style=\"color: #999999;\">dle katalogu VOX<\/span><\/td>\n<td><span style=\"color: #999999;\">(VOX)<\/span><\/td>\n<td><span style=\"color: #999999;\">Praha<\/span><\/td>\n<\/tr>\n<tr>\n<td align=\"right\"><span style=\"color: #999999;\">15.6. 2023<\/span><\/td>\n<td><span style=\"color: #999999;\">Rychlo\u010dten\u00ed \u2013 stru\u010dn\u00fd efektivn\u00ed jednodenn\u00ed tr\u00e9nink<\/span><\/td>\n<td><span style=\"color: #999999;\">dle katalogu VOX<\/span><\/td>\n<td><span style=\"color: #999999;\">(VOX)<\/span><\/td>\n<td><span style=\"color: #999999;\">Praha<\/span><\/td>\n<\/tr>\n<tr>\n<td align=\"right\"><span style=\"color: #999999;\">11.10. 2023<\/span><\/td>\n<td><span style=\"color: #999999;\">Rychlo\u010dten\u00ed \u2013 stru\u010dn\u00fd efektivn\u00ed jednodenn\u00ed tr\u00e9nink<\/span><\/td>\n<td><span style=\"color: #999999;\">dle katalogu VOX<\/span><\/td>\n<td><span style=\"color: #999999;\">(VOX)<\/span><\/td>\n<td><span style=\"color: #999999;\">Praha<\/span><\/td>\n<\/tr>\n<tr>\n<td align=\"right\"><span style=\"color: #999999;\">25.10. 2023<\/span><\/td>\n<td><span style=\"color: #999999;\">Zlep\u0161ete si koncentraci, tvo\u0159ivost, motiva\u010dn\u00ed schopnosti<\/span><\/td>\n<td><span style=\"color: #999999;\">dle katalogu VOX<\/span><\/td>\n<td><span style=\"color: #999999;\">(VOX)<\/span><\/td>\n<td><span style=\"color: #999999;\">Praha<\/span><\/td>\n<\/tr>\n<tr>\n<td colspan=\"5\" align=\"center\"><span style=\"color: #999999;\"><b> 2 0 2 2 (star\u0161\u00ed kurzy pro ilustraci) <\/b><\/span><\/td>\n<\/tr>\n<tr>\n<td align=\"right\"><span style=\"color: #999999;\">27.1. &#8211; 28.1. 2022<\/span><\/td>\n<td><span style=\"color: #999999;\">Rychlo\u010dten\u00ed &#8211; intenzifikovan\u00e1 forma<\/span><\/td>\n<td><span style=\"color: #999999;\">dle katalogu VOX<\/span><\/td>\n<td><span style=\"color: #999999;\">(VOX)<\/span><\/td>\n<td><span style=\"color: #999999;\">Praha<\/span><\/td>\n<\/tr>\n<tr>\n<td align=\"right\"><span style=\"color: #999999;\">8.2. 2022<\/span><\/td>\n<td><span style=\"color: #999999;\">Zlep\u0161ete si koncentraci, pam\u011b\u0165, tvo\u0159ivost&#8230;<\/span><\/td>\n<td><span style=\"color: #999999;\">dle katalogu VOX<\/span><\/td>\n<td><span style=\"color: #999999;\">(VOX)<\/span><\/td>\n<td><span style=\"color: #999999;\">Praha<\/span><\/td>\n<\/tr>\n<tr>\n<td align=\"right\"><span style=\"color: #999999;\">8.3. &#8211; 9.3. 2022<\/span><\/td>\n<td><span style=\"color: #999999;\">Vybran\u00e9 atraktivn\u00ed komunika\u010dn\u00ed dovednosti<\/span><\/td>\n<td><span style=\"color: #999999;\">dle katalogu VOX<\/span><\/td>\n<td><span style=\"color: #999999;\">(VOX)<\/span><\/td>\n<td><span style=\"color: #999999;\">Praha<\/span><\/td>\n<\/tr>\n<tr>\n<td align=\"right\"><span style=\"color: #999999;\">18.3. 2022<\/span><\/td>\n<td><span style=\"color: #999999;\">Rychlo\u010dten\u00ed \u2013 stru\u010dn\u00fd efektivn\u00ed jednodenn\u00ed tr\u00e9nink<\/span><\/td>\n<td><span style=\"color: #999999;\">dle katalogu VOX<\/span><\/td>\n<td><span style=\"color: #999999;\">(VOX)<\/span><\/td>\n<td><span style=\"color: #999999;\">Praha<\/span><\/td>\n<\/tr>\n<tr>\n<td align=\"right\"><span style=\"color: #999999;\">12.4. 2022<\/span><\/td>\n<td><span style=\"color: #999999;\">Jarn\u00ed \u0161kola pohotov\u00fdch komunika\u010dn\u00edch dovednost\u00ed<\/span><\/td>\n<td><span style=\"color: #999999;\">dle katalogu VOX<\/span><\/td>\n<td><span style=\"color: #999999;\">(VOX)<\/span><\/td>\n<td><span style=\"color: #999999;\">Praha<\/span><\/td>\n<\/tr>\n<tr>\n<td align=\"right\"><span style=\"color: #999999;\">28.4. &#8211; 29.4. 2022<\/span><\/td>\n<td><span style=\"color: #999999;\">Rychlo\u010dten\u00ed &#8211; intenzifikovan\u00e1 forma<\/span><\/td>\n<td><span style=\"color: #999999;\">dle katalogu VOX<\/span><\/td>\n<td><span style=\"color: #999999;\">(VOX)<\/span><\/td>\n<td><span style=\"color: #999999;\">Praha<\/span><\/td>\n<\/tr>\n<tr>\n<td align=\"right\"><span style=\"color: #999999;\">5.5. 2022<\/span><\/td>\n<td><span style=\"color: #999999;\">Konec manipulace<\/span><\/td>\n<td><span style=\"color: #999999;\">dle katalogu VOX<\/span><\/td>\n<td><span style=\"color: #999999;\">(VOX)<\/span><\/td>\n<td><span style=\"color: #999999;\">Praha<\/span><\/td>\n<\/tr>\n<tr>\n<td align=\"right\"><span style=\"color: #999999;\">19.5. 2022<\/span><\/td>\n<td><span style=\"color: #999999;\">Rychlo\u010dten\u00ed \u2013 stru\u010dn\u00fd efektivn\u00ed jednodenn\u00ed tr\u00e9nink<\/span><\/td>\n<td><span style=\"color: #999999;\">dle katalogu VOX<\/span><\/td>\n<td><span style=\"color: #999999;\">(VOX)<\/span><\/td>\n<td><span style=\"color: #999999;\">Praha<\/span><\/td>\n<\/tr>\n<tr>\n<td align=\"right\"><span style=\"color: #999999;\">2.6. 2022<\/span><\/td>\n<td><span style=\"color: #999999;\">Zlep\u0161ete si koncentraci, pam\u011b\u0165, tvo\u0159ivost&#8230;<\/span><\/td>\n<td><span style=\"color: #999999;\">dle katalogu VOX<\/span><\/td>\n<td><span style=\"color: #999999;\">(VOX)<\/span><\/td>\n<td><span style=\"color: #999999;\">Praha<\/span><\/td>\n<\/tr>\n<tr>\n<td align=\"right\"><span style=\"color: #999999;\">8.6. &#8211; 9.6. 2022<\/span><\/td>\n<td><span style=\"color: #999999;\">Vybran\u00e9 atraktivn\u00ed komunika\u010dn\u00ed dovednosti<\/span><\/td>\n<td><span style=\"color: #999999;\">dle katalogu VOX<\/span><\/td>\n<td><span style=\"color: #999999;\">(VOX)<\/span><\/td>\n<td><span style=\"color: #999999;\">Praha<\/span><\/td>\n<\/tr>\n<tr>\n<td align=\"right\"><span style=\"color: #ffffff;\">30.8. 2022<\/span><\/td>\n<td><span style=\"color: #ffffff;\">Rychlo\u010dten\u00ed \u2013 stru\u010dn\u00fd efektivn\u00ed jednodenn\u00ed tr\u00e9nink<\/span><\/td>\n<td><span style=\"color: #ffffff;\">dle katalogu VOX<\/span><\/td>\n<td><span style=\"color: #ffffff;\">(VOX)<\/span><\/td>\n<td><span style=\"color: #ffffff;\">Praha<\/span><\/td>\n<\/tr>\n<tr>\n<td align=\"right\"><span style=\"color: #999999;\">26.10. 2022<\/span><\/td>\n<td><span style=\"color: #999999;\">Rychlo\u010dten\u00ed \u2013 stru\u010dn\u00fd efektivn\u00ed jednodenn\u00ed tr\u00e9nink<\/span><\/td>\n<td><span style=\"color: #999999;\">dle katalogu VOX<\/span><\/td>\n<td><span style=\"color: #999999;\">(VOX)<\/span><\/td>\n<td><span style=\"color: #999999;\">Praha<\/span><\/td>\n<\/tr>\n<tr>\n<td align=\"right\"><span style=\"color: #999999;\">8.11. &#8211; 9.11. 2022<\/span><\/td>\n<td><span style=\"color: #999999;\">Rychlo\u010dten\u00ed &#8211; intenzifikovan\u00e1 forma<\/span><\/td>\n<td><span style=\"color: #999999;\">dle katalogu VOX<\/span><\/td>\n<td><span style=\"color: #999999;\">(VOX)<\/span><\/td>\n<td><span style=\"color: #999999;\">Praha<\/span><\/td>\n<\/tr>\n<tr>\n<td align=\"right\"><span style=\"color: #999999;\">29.11. &#8211; 30.11. 2022<\/span><\/td>\n<td><span style=\"color: #999999;\">Vybran\u00e9 atraktivn\u00ed komunika\u010dn\u00ed dovednosti<\/span><\/td>\n<td><span style=\"color: #999999;\">dle katalogu VOX<\/span><\/td>\n<td><span style=\"color: #999999;\">(VOX)<\/span><\/td>\n<td><span style=\"color: #999999;\">Praha<\/span><\/td>\n<\/tr>\n<tr>\n<td colspan=\"5\" align=\"center\"><span style=\"color: #c6c6c6;\"><b> 2 0 2 1 (star\u0161\u00ed kurzy, uvedeny pro ilustraci \u0161\u00ed\u0159e nab\u00eddky) <\/b><\/span><\/td>\n<\/tr>\n<tr>\n<td align=\"right\"><span style=\"color: #e6e6e6;\">1.10. 2021<\/span><\/td>\n<td><span style=\"color: #c6c6c6;\">Zlep\u0161ete si koncentraci, pam\u011b\u0165, tvo\u0159ivost&#8230;<\/span><\/td>\n<td><span style=\"color: #e6e6e6;\">dle katalogu VOX<\/span><\/td>\n<td><span style=\"color: #e6e6e6;\">(VOX)<\/span><\/td>\n<td><span style=\"color: #e6e6e6;\">Praha<\/span><\/td>\n<\/tr>\n<tr>\n<td align=\"right\"><span style=\"color: #e6e6e6;\">14.10. 2021<\/span><\/td>\n<td><span style=\"color: #c6c6c6;\">Rychlo\u010dten\u00ed \u2013 stru\u010dn\u00fd efektivn\u00ed jednodenn\u00ed tr\u00e9nink<\/span><\/td>\n<td><span style=\"color: #e6e6e6;\">dle katalogu VOX<\/span><\/td>\n<td><span style=\"color: #e6e6e6;\">(VOX)<\/span><\/td>\n<td><span style=\"color: #e6e6e6;\">Praha<\/span><\/td>\n<\/tr>\n<tr>\n<td align=\"right\"><span style=\"color: #e6e6e6;\">10.11. 2021<\/span><\/td>\n<td><span style=\"color: #c6c6c6;\">Podzimn\u00ed \u0161kola pohotov\u00fdch komunika\u010dn\u00edch dovednost\u00ed<\/span><\/td>\n<td><span style=\"color: #e6e6e6;\">dle katalogu VOX<\/span><\/td>\n<td><span style=\"color: #e6e6e6;\">(VOX)<\/span><\/td>\n<td><span style=\"color: #e6e6e6;\">Praha<\/span><\/td>\n<\/tr>\n<tr>\n<td align=\"right\"><span style=\"color: #e6e6e6;\">1.12. &#8211; 2.12. 2021<\/span><\/td>\n<td><span style=\"color: #c6c6c6;\">Beneopedie<\/span><\/td>\n<td><span style=\"color: #e6e6e6;\">dle katalogu VOX<\/span><\/td>\n<td><span style=\"color: #e6e6e6;\">(VOX)<\/span><\/td>\n<td><span style=\"color: #e6e6e6;\">Praha<\/span><\/td>\n<\/tr>\n<\/tbody>\n<\/table>\n<p><span style=\"font-size: small;\"><span style=\"color: #000000;\">(Uveden\u00e9 ceny jsou v\u010detn\u011b DPH)<br \/>\n* &#8211; P\u0159i objedn\u00e1vce p\u0159\u00edmo p\u0159es n\u00e1s (emailem, telefonicky) z\u00edsk\u00e1te 10% slevu oproti katalogov\u00fdm cen\u00e1m VOX.<br \/>\n<\/span><\/span><\/p>\n<p><span style=\"font-size: small;\"><span style=\"color: #000000;\">** &#8211; M\u00edsto kon\u00e1n\u00ed kurz\u016f u VOX: <em>SMOSK (K Centrum), Senov\u00e1\u017en\u00e9 n\u00e1m\u011bst\u00ed 23, 110 00 PRAHA 1 &#8211; Nov\u00e9 M\u011bsto<\/em><\/span><i><br \/>\n<!--(V dob\u011b trv\u00e1n\u00ed COVID opat\u0159en\u00ed prob\u00edhaj\u00ed kurzy d\u00e1le, mohou se uskute\u010d\u0148ovat podle situace bu\u010f prezen\u010dn\u011b nebo elektronicky - formou videokonference p\u0159es Zoom.)\n--> <!--\n<span style=\"color: #3366ff;\">\u00a7<\/span> - Lektorem v takto ozna\u010den\u00e9m kurzu Rychlo\u010dten\u00ed je ing. Jan Gruber, Ph.D.\n<span style=\"color: #3366ff;\">**<\/span> - Plat\u00ed pro prvn\u00edch p\u011bt p\u0159ihl\u00e1\u0161en\u00fdch. Pot\u00e9 \u010din\u00ed cena 7623 K\u010d.<\/i><\/span>\n<span style=\"font-size: small;\"><span style=\"color: #ff3333;\">*<\/span><i> - viz.<a href=\"http:\/\/www.gruber.cz\/tdp\/uncategorized\/strucny-vystizny-trenink-rychlocteni\/\"> Stru\u010dn\u00fd v\u00fdsti\u017en\u00fd tr\u00e9nink rychlo\u010dten\u00ed<\/a> v Novink\u00e1ch.\u00a0Zav\u00e1d\u011bc\u00ed cena pro nejrychlej\u0161\u00edch 5 \u00fa\u010dastn\u00edk\u016f:<span style=\"color: #ff0000;\">\u00a02800,-<\/span>\u00a0K\u010d plus DPH.<\/i><\/span>\n--><br \/>\n<span style=\"font-size: small;\"><i>Kurzy, poradenstv\u00ed, individu\u00e1ln\u00ed a skupinov\u00fd kou\u010dink kdykoliv kdekoliv na po\u017e\u00e1d\u00e1n\u00ed (omezen\u00ed jen t\u00edm, \u017ee si dan\u00fd \u010das Davida Grubera d\u0159\u00edve z\u00e1vazn\u011b neobjednal n\u011bkdo jin\u00fd).<br \/>\n<b>Ve\u0159ejn\u00e9 kurzy tvo\u0159\u00ed men\u0161inu lektorsk\u00e9 pr\u00e1ce Davida Grubera; \u010dast\u011bji zaj\u00ed\u017ed\u00ed p\u0159\u00edmo do firem a instituc\u00ed podle jejich t\u00e9matick\u00fdch p\u0159\u00e1n\u00ed na m\u00edru. M\u00e1te-li specifick\u00e9 p\u0159\u00e1n\u00ed, nev\u00e1hejte n\u00e1s kontaktovat. \u010c\u00edm rychleji to ud\u011bl\u00e1te, t\u00edm lep\u0161\u00ed budete m\u00edt v\u00fdb\u011br term\u00edn\u016f.<\/b> <\/i><\/span><\/i><\/span><i><\/i><\/p>\n","protected":false},"excerpt":{"rendered":"<p>Ozv\u011bte se emailem na adresu info@gruber.cz nebo telefonicky na \u010d\u00edsle 605 833 652. 2 0 2 5 + Po individu\u00e1ln\u00ed domluv\u011b&#8230; Term\u00edn N\u00e1zev kurzu Cena Organizuje M\u00edsto &#8211; &#8211; &#8211; &#8211; &#8211; &#8211; &#8211; &#8211; &#8211; &#8211; &#8211; &#8211; &#8211; &#8211; &#8211; &#8211; &#8211; 2 0 2 4 Term\u00edn N\u00e1zev kurzu Cena Organizuje M\u00edsto 16.5.&hellip;<\/p>\n<p class=\"more-link-wrapper\"><a class=\"more-link\" href=\"https:\/\/www.gruber.cz\/tdp\/terminy-kurzu\/\">Continue<\/a><\/p>\n","protected":false},"author":2,"featured_media":0,"parent":0,"menu_order":0,"comment_status":"closed","ping_status":"closed","template":"","meta":{"footnotes":""},"class_list":["post-9","page","type-page","status-publish","hentry"],"yoast_head":"<!-- This site is optimized with the Yoast SEO plugin v25.5 - https:\/\/yoast.com\/wordpress\/plugins\/seo\/ -->\n<title>Term\u00edny kurz\u016f - David Gruber<\/title>\n<meta name=\"robots\" content=\"index, follow, max-snippet:-1, max-image-preview:large, max-video-preview:-1\" \/>\n<link rel=\"canonical\" href=\"https:\/\/www.gruber.cz\/tdp\/terminy-kurzu\/\" \/>\n<meta property=\"og:locale\" content=\"cs_CZ\" \/>\n<meta property=\"og:type\" content=\"article\" \/>\n<meta property=\"og:title\" content=\"Term\u00edny kurz\u016f - David Gruber\" \/>\n<meta property=\"og:description\" content=\"Ozv\u011bte se emailem na adresu info@gruber.cz nebo telefonicky na \u010d\u00edsle 605 833 652. 2 0 2 5 + Po individu\u00e1ln\u00ed domluv\u011b&#8230; Term\u00edn N\u00e1zev kurzu Cena Organizuje M\u00edsto &#8211; &#8211; &#8211; &#8211; &#8211; &#8211; &#8211; &#8211; &#8211; &#8211; &#8211; &#8211; &#8211; &#8211; &#8211; &#8211; &#8211; 2 0 2 4 Term\u00edn N\u00e1zev kurzu Cena Organizuje M\u00edsto 16.5.&hellip;Continue\" \/>\n<meta property=\"og:url\" content=\"https:\/\/www.gruber.cz\/tdp\/terminy-kurzu\/\" \/>\n<meta property=\"og:site_name\" content=\"David Gruber\" \/>\n<meta property=\"article:publisher\" content=\"https:\/\/www.facebook.com\/gruber.cz\/\" \/>\n<meta property=\"article:modified_time\" content=\"2025-07-14T15:31:38+00:00\" \/>\n<meta name=\"twitter:card\" content=\"summary_large_image\" \/>\n<meta name=\"twitter:label1\" content=\"Odhadovan\u00e1 doba \u010dten\u00ed\" \/>\n\t<meta name=\"twitter:data1\" content=\"3 minuty\" \/>\n<script type=\"application\/ld+json\" class=\"yoast-schema-graph\">{\"@context\":\"https:\/\/schema.org\",\"@graph\":[{\"@type\":\"WebPage\",\"@id\":\"https:\/\/www.gruber.cz\/tdp\/terminy-kurzu\/\",\"url\":\"https:\/\/www.gruber.cz\/tdp\/terminy-kurzu\/\",\"name\":\"Term\u00edny kurz\u016f - David Gruber\",\"isPartOf\":{\"@id\":\"https:\/\/www.gruber.cz\/tdp\/#website\"},\"datePublished\":\"2017-01-23T06:09:12+00:00\",\"dateModified\":\"2025-07-14T15:31:38+00:00\",\"breadcrumb\":{\"@id\":\"https:\/\/www.gruber.cz\/tdp\/terminy-kurzu\/#breadcrumb\"},\"inLanguage\":\"cs\",\"potentialAction\":[{\"@type\":\"ReadAction\",\"target\":[\"https:\/\/www.gruber.cz\/tdp\/terminy-kurzu\/\"]}]},{\"@type\":\"BreadcrumbList\",\"@id\":\"https:\/\/www.gruber.cz\/tdp\/terminy-kurzu\/#breadcrumb\",\"itemListElement\":[{\"@type\":\"ListItem\",\"position\":1,\"name\":\"Dom\u016f\",\"item\":\"https:\/\/www.gruber.cz\/tdp\/\"},{\"@type\":\"ListItem\",\"position\":2,\"name\":\"Term\u00edny kurz\u016f\"}]},{\"@type\":\"WebSite\",\"@id\":\"https:\/\/www.gruber.cz\/tdp\/#website\",\"url\":\"https:\/\/www.gruber.cz\/tdp\/\",\"name\":\"David Gruber\",\"description\":\"Techniky du&scaron;evn&iacute; pr&aacute;ce\",\"publisher\":{\"@id\":\"https:\/\/www.gruber.cz\/tdp\/#organization\"},\"potentialAction\":[{\"@type\":\"SearchAction\",\"target\":{\"@type\":\"EntryPoint\",\"urlTemplate\":\"https:\/\/www.gruber.cz\/tdp\/?s={search_term_string}\"},\"query-input\":{\"@type\":\"PropertyValueSpecification\",\"valueRequired\":true,\"valueName\":\"search_term_string\"}}],\"inLanguage\":\"cs\"},{\"@type\":\"Organization\",\"@id\":\"https:\/\/www.gruber.cz\/tdp\/#organization\",\"name\":\"Gruber-TDP\",\"url\":\"https:\/\/www.gruber.cz\/tdp\/\",\"logo\":{\"@type\":\"ImageObject\",\"inLanguage\":\"cs\",\"@id\":\"https:\/\/www.gruber.cz\/tdp\/#\/schema\/logo\/image\/\",\"url\":\"https:\/\/www.gruber.cz\/tdp\/wp-content\/uploads\/2017\/03\/cropped-DG2s.jpg\",\"contentUrl\":\"https:\/\/www.gruber.cz\/tdp\/wp-content\/uploads\/2017\/03\/cropped-DG2s.jpg\",\"width\":512,\"height\":512,\"caption\":\"Gruber-TDP\"},\"image\":{\"@id\":\"https:\/\/www.gruber.cz\/tdp\/#\/schema\/logo\/image\/\"},\"sameAs\":[\"https:\/\/www.facebook.com\/gruber.cz\/\",\"https:\/\/www.youtube.com\/user\/GruberTDP\"]}]}<\/script>\n<!-- \/ Yoast SEO plugin. -->","yoast_head_json":{"title":"Term\u00edny kurz\u016f - David Gruber","robots":{"index":"index","follow":"follow","max-snippet":"max-snippet:-1","max-image-preview":"max-image-preview:large","max-video-preview":"max-video-preview:-1"},"canonical":"https:\/\/www.gruber.cz\/tdp\/terminy-kurzu\/","og_locale":"cs_CZ","og_type":"article","og_title":"Term\u00edny kurz\u016f - David Gruber","og_description":"Ozv\u011bte se emailem na adresu info@gruber.cz nebo telefonicky na \u010d\u00edsle 605 833 652. 2 0 2 5 + Po individu\u00e1ln\u00ed domluv\u011b&#8230; Term\u00edn N\u00e1zev kurzu Cena Organizuje M\u00edsto &#8211; &#8211; &#8211; &#8211; &#8211; &#8211; &#8211; &#8211; &#8211; &#8211; &#8211; &#8211; &#8211; &#8211; &#8211; &#8211; &#8211; 2 0 2 4 Term\u00edn N\u00e1zev kurzu Cena Organizuje M\u00edsto 16.5.&hellip;Continue","og_url":"https:\/\/www.gruber.cz\/tdp\/terminy-kurzu\/","og_site_name":"David Gruber","article_publisher":"https:\/\/www.facebook.com\/gruber.cz\/","article_modified_time":"2025-07-14T15:31:38+00:00","twitter_card":"summary_large_image","twitter_misc":{"Odhadovan\u00e1 doba \u010dten\u00ed":"3 minuty"},"schema":{"@context":"https:\/\/schema.org","@graph":[{"@type":"WebPage","@id":"https:\/\/www.gruber.cz\/tdp\/terminy-kurzu\/","url":"https:\/\/www.gruber.cz\/tdp\/terminy-kurzu\/","name":"Term\u00edny kurz\u016f - David Gruber","isPartOf":{"@id":"https:\/\/www.gruber.cz\/tdp\/#website"},"datePublished":"2017-01-23T06:09:12+00:00","dateModified":"2025-07-14T15:31:38+00:00","breadcrumb":{"@id":"https:\/\/www.gruber.cz\/tdp\/terminy-kurzu\/#breadcrumb"},"inLanguage":"cs","potentialAction":[{"@type":"ReadAction","target":["https:\/\/www.gruber.cz\/tdp\/terminy-kurzu\/"]}]},{"@type":"BreadcrumbList","@id":"https:\/\/www.gruber.cz\/tdp\/terminy-kurzu\/#breadcrumb","itemListElement":[{"@type":"ListItem","position":1,"name":"Dom\u016f","item":"https:\/\/www.gruber.cz\/tdp\/"},{"@type":"ListItem","position":2,"name":"Term\u00edny kurz\u016f"}]},{"@type":"WebSite","@id":"https:\/\/www.gruber.cz\/tdp\/#website","url":"https:\/\/www.gruber.cz\/tdp\/","name":"David Gruber","description":"Techniky du&scaron;evn&iacute; pr&aacute;ce","publisher":{"@id":"https:\/\/www.gruber.cz\/tdp\/#organization"},"potentialAction":[{"@type":"SearchAction","target":{"@type":"EntryPoint","urlTemplate":"https:\/\/www.gruber.cz\/tdp\/?s={search_term_string}"},"query-input":{"@type":"PropertyValueSpecification","valueRequired":true,"valueName":"search_term_string"}}],"inLanguage":"cs"},{"@type":"Organization","@id":"https:\/\/www.gruber.cz\/tdp\/#organization","name":"Gruber-TDP","url":"https:\/\/www.gruber.cz\/tdp\/","logo":{"@type":"ImageObject","inLanguage":"cs","@id":"https:\/\/www.gruber.cz\/tdp\/#\/schema\/logo\/image\/","url":"https:\/\/www.gruber.cz\/tdp\/wp-content\/uploads\/2017\/03\/cropped-DG2s.jpg","contentUrl":"https:\/\/www.gruber.cz\/tdp\/wp-content\/uploads\/2017\/03\/cropped-DG2s.jpg","width":512,"height":512,"caption":"Gruber-TDP"},"image":{"@id":"https:\/\/www.gruber.cz\/tdp\/#\/schema\/logo\/image\/"},"sameAs":["https:\/\/www.facebook.com\/gruber.cz\/","https:\/\/www.youtube.com\/user\/GruberTDP"]}]}},"_links":{"self":[{"href":"https:\/\/www.gruber.cz\/tdp\/wp-json\/wp\/v2\/pages\/9","targetHints":{"allow":["GET"]}}],"collection":[{"href":"https:\/\/www.gruber.cz\/tdp\/wp-json\/wp\/v2\/pages"}],"about":[{"href":"https:\/\/www.gruber.cz\/tdp\/wp-json\/wp\/v2\/types\/page"}],"author":[{"embeddable":true,"href":"https:\/\/www.gruber.cz\/tdp\/wp-json\/wp\/v2\/users\/2"}],"replies":[{"embeddable":true,"href":"https:\/\/www.gruber.cz\/tdp\/wp-json\/wp\/v2\/comments?post=9"}],"version-history":[{"count":175,"href":"https:\/\/www.gruber.cz\/tdp\/wp-json\/wp\/v2\/pages\/9\/revisions"}],"predecessor-version":[{"id":887,"href":"https:\/\/www.gruber.cz\/tdp\/wp-json\/wp\/v2\/pages\/9\/revisions\/887"}],"wp:attachment":[{"href":"https:\/\/www.gruber.cz\/tdp\/wp-json\/wp\/v2\/media?parent=9"}],"curies":[{"name":"wp","href":"https:\/\/api.w.org\/{rel}","templated":true}]}}