{"id":88,"date":"2017-04-21T11:59:48","date_gmt":"2017-04-21T11:59:48","guid":{"rendered":"http:\/\/www.gruber.cz\/tdp\/?page_id=88"},"modified":"2017-05-30T15:25:09","modified_gmt":"2017-05-30T15:25:09","slug":"obalky-knih","status":"publish","type":"page","link":"https:\/\/www.gruber.cz\/tdp\/o-nas\/obalky-knih\/","title":{"rendered":"Ob\u00e1lky knih"},"content":{"rendered":"<p>P\u0159ehled ob\u00e1lek star\u0161\u00edch knih Davida Grubera <a href=\"http:\/\/gruber.cz\/materialy\/obalkyknih.pdf\" target=\"_blank\" rel=\"noopener noreferrer\">zde<\/a>.<\/p>\n<p>Uk\u00e1zky ob\u00e1lek nov\u00e9 trojknihy <strong>&#8222;Inteligentn\u00ed \u010dten\u00ed v Internetov\u00e9m v\u011bku&#8220;<\/strong>:<br \/>\n<a href=\"http:\/\/www.gruber.cz\/tdp\/wp-content\/uploads\/2017\/04\/kniha6.jpg\"><img loading=\"lazy\" decoding=\"async\" class=\"alignnone size-medium wp-image-146\" src=\"http:\/\/www.gruber.cz\/tdp\/wp-content\/uploads\/2017\/04\/kniha6-300x240.jpg\" alt=\"\" width=\"300\" height=\"240\" srcset=\"https:\/\/www.gruber.cz\/tdp\/wp-content\/uploads\/2017\/04\/kniha6-300x240.jpg 300w, https:\/\/www.gruber.cz\/tdp\/wp-content\/uploads\/2017\/04\/kniha6-768x614.jpg 768w, https:\/\/www.gruber.cz\/tdp\/wp-content\/uploads\/2017\/04\/kniha6-1024x819.jpg 1024w, https:\/\/www.gruber.cz\/tdp\/wp-content\/uploads\/2017\/04\/kniha6.jpg 1650w\" sizes=\"auto, (max-width: 300px) 100vw, 300px\" \/><\/a><br \/>\n<a href=\"http:\/\/www.gruber.cz\/tdp\/wp-content\/uploads\/2017\/04\/S8-fronts.jpg\"><img loading=\"lazy\" decoding=\"async\" class=\"alignnone size-medium wp-image-145\" src=\"http:\/\/www.gruber.cz\/tdp\/wp-content\/uploads\/2017\/04\/S8-fronts-300x142.jpg\" alt=\"\" width=\"300\" height=\"142\" srcset=\"https:\/\/www.gruber.cz\/tdp\/wp-content\/uploads\/2017\/04\/S8-fronts-300x142.jpg 300w, https:\/\/www.gruber.cz\/tdp\/wp-content\/uploads\/2017\/04\/S8-fronts-768x363.jpg 768w, https:\/\/www.gruber.cz\/tdp\/wp-content\/uploads\/2017\/04\/S8-fronts-1024x484.jpg 1024w, https:\/\/www.gruber.cz\/tdp\/wp-content\/uploads\/2017\/04\/S8-fronts.jpg 1600w\" sizes=\"auto, (max-width: 300px) 100vw, 300px\" \/><\/a><br \/>\n<a href=\"http:\/\/www.gruber.cz\/tdp\/wp-content\/uploads\/2017\/04\/S8-back.jpg\"><img loading=\"lazy\" decoding=\"async\" class=\"alignnone size-medium wp-image-144\" src=\"http:\/\/www.gruber.cz\/tdp\/wp-content\/uploads\/2017\/04\/S8-back-214x300.jpg\" alt=\"\" width=\"214\" height=\"300\" srcset=\"https:\/\/www.gruber.cz\/tdp\/wp-content\/uploads\/2017\/04\/S8-back-214x300.jpg 214w, https:\/\/www.gruber.cz\/tdp\/wp-content\/uploads\/2017\/04\/S8-back-768x1075.jpg 768w, https:\/\/www.gruber.cz\/tdp\/wp-content\/uploads\/2017\/04\/S8-back-731x1024.jpg 731w, https:\/\/www.gruber.cz\/tdp\/wp-content\/uploads\/2017\/04\/S8-back.jpg 1000w\" sizes=\"auto, (max-width: 214px) 100vw, 214px\" \/><\/a><\/p>\n","protected":false},"excerpt":{"rendered":"<p>P\u0159ehled ob\u00e1lek star\u0161\u00edch knih Davida Grubera zde. Uk\u00e1zky ob\u00e1lek nov\u00e9 trojknihy &#8222;Inteligentn\u00ed \u010dten\u00ed v Internetov\u00e9m v\u011bku&#8220;:<\/p>\n","protected":false},"author":1,"featured_media":0,"parent":13,"menu_order":0,"comment_status":"closed","ping_status":"closed","template":"","meta":{"footnotes":""},"class_list":["post-88","page","type-page","status-publish","hentry"],"yoast_head":"<!-- This site is optimized with the Yoast SEO plugin v25.5 - https:\/\/yoast.com\/wordpress\/plugins\/seo\/ -->\n<title>Ob\u00e1lky knih - David Gruber<\/title>\n<meta name=\"robots\" content=\"index, follow, max-snippet:-1, max-image-preview:large, max-video-preview:-1\" \/>\n<link rel=\"canonical\" href=\"https:\/\/www.gruber.cz\/tdp\/o-nas\/obalky-knih\/\" \/>\n<meta property=\"og:locale\" content=\"cs_CZ\" \/>\n<meta property=\"og:type\" content=\"article\" \/>\n<meta property=\"og:title\" content=\"Ob\u00e1lky knih - David Gruber\" \/>\n<meta property=\"og:description\" content=\"P\u0159ehled ob\u00e1lek star\u0161\u00edch knih Davida Grubera zde. Uk\u00e1zky ob\u00e1lek nov\u00e9 trojknihy &#8222;Inteligentn\u00ed \u010dten\u00ed v Internetov\u00e9m v\u011bku&#8220;:\" \/>\n<meta property=\"og:url\" content=\"https:\/\/www.gruber.cz\/tdp\/o-nas\/obalky-knih\/\" \/>\n<meta property=\"og:site_name\" content=\"David Gruber\" \/>\n<meta property=\"article:publisher\" content=\"https:\/\/www.facebook.com\/gruber.cz\/\" \/>\n<meta property=\"article:modified_time\" content=\"2017-05-30T15:25:09+00:00\" \/>\n<meta property=\"og:image\" content=\"https:\/\/www.gruber.cz\/tdp\/wp-content\/uploads\/2017\/04\/kniha6.jpg\" \/>\n\t<meta property=\"og:image:width\" content=\"1650\" \/>\n\t<meta property=\"og:image:height\" content=\"1319\" \/>\n\t<meta property=\"og:image:type\" content=\"image\/jpeg\" \/>\n<meta name=\"twitter:card\" content=\"summary_large_image\" \/>\n<script type=\"application\/ld+json\" class=\"yoast-schema-graph\">{\"@context\":\"https:\/\/schema.org\",\"@graph\":[{\"@type\":\"WebPage\",\"@id\":\"https:\/\/www.gruber.cz\/tdp\/o-nas\/obalky-knih\/\",\"url\":\"https:\/\/www.gruber.cz\/tdp\/o-nas\/obalky-knih\/\",\"name\":\"Ob\u00e1lky knih - David Gruber\",\"isPartOf\":{\"@id\":\"https:\/\/www.gruber.cz\/tdp\/#website\"},\"primaryImageOfPage\":{\"@id\":\"https:\/\/www.gruber.cz\/tdp\/o-nas\/obalky-knih\/#primaryimage\"},\"image\":{\"@id\":\"https:\/\/www.gruber.cz\/tdp\/o-nas\/obalky-knih\/#primaryimage\"},\"thumbnailUrl\":\"http:\/\/www.gruber.cz\/tdp\/wp-content\/uploads\/2017\/04\/kniha6-300x240.jpg\",\"datePublished\":\"2017-04-21T11:59:48+00:00\",\"dateModified\":\"2017-05-30T15:25:09+00:00\",\"breadcrumb\":{\"@id\":\"https:\/\/www.gruber.cz\/tdp\/o-nas\/obalky-knih\/#breadcrumb\"},\"inLanguage\":\"cs\",\"potentialAction\":[{\"@type\":\"ReadAction\",\"target\":[\"https:\/\/www.gruber.cz\/tdp\/o-nas\/obalky-knih\/\"]}]},{\"@type\":\"ImageObject\",\"inLanguage\":\"cs\",\"@id\":\"https:\/\/www.gruber.cz\/tdp\/o-nas\/obalky-knih\/#primaryimage\",\"url\":\"http:\/\/www.gruber.cz\/tdp\/wp-content\/uploads\/2017\/04\/kniha6-300x240.jpg\",\"contentUrl\":\"http:\/\/www.gruber.cz\/tdp\/wp-content\/uploads\/2017\/04\/kniha6-300x240.jpg\"},{\"@type\":\"BreadcrumbList\",\"@id\":\"https:\/\/www.gruber.cz\/tdp\/o-nas\/obalky-knih\/#breadcrumb\",\"itemListElement\":[{\"@type\":\"ListItem\",\"position\":1,\"name\":\"Dom\u016f\",\"item\":\"https:\/\/www.gruber.cz\/tdp\/\"},{\"@type\":\"ListItem\",\"position\":2,\"name\":\"o n\u00e1s\",\"item\":\"https:\/\/www.gruber.cz\/tdp\/o-nas\/\"},{\"@type\":\"ListItem\",\"position\":3,\"name\":\"Ob\u00e1lky knih\"}]},{\"@type\":\"WebSite\",\"@id\":\"https:\/\/www.gruber.cz\/tdp\/#website\",\"url\":\"https:\/\/www.gruber.cz\/tdp\/\",\"name\":\"David Gruber\",\"description\":\"Techniky du&scaron;evn&iacute; pr&aacute;ce\",\"publisher\":{\"@id\":\"https:\/\/www.gruber.cz\/tdp\/#organization\"},\"potentialAction\":[{\"@type\":\"SearchAction\",\"target\":{\"@type\":\"EntryPoint\",\"urlTemplate\":\"https:\/\/www.gruber.cz\/tdp\/?s={search_term_string}\"},\"query-input\":{\"@type\":\"PropertyValueSpecification\",\"valueRequired\":true,\"valueName\":\"search_term_string\"}}],\"inLanguage\":\"cs\"},{\"@type\":\"Organization\",\"@id\":\"https:\/\/www.gruber.cz\/tdp\/#organization\",\"name\":\"Gruber-TDP\",\"url\":\"https:\/\/www.gruber.cz\/tdp\/\",\"logo\":{\"@type\":\"ImageObject\",\"inLanguage\":\"cs\",\"@id\":\"https:\/\/www.gruber.cz\/tdp\/#\/schema\/logo\/image\/\",\"url\":\"https:\/\/www.gruber.cz\/tdp\/wp-content\/uploads\/2017\/03\/cropped-DG2s.jpg\",\"contentUrl\":\"https:\/\/www.gruber.cz\/tdp\/wp-content\/uploads\/2017\/03\/cropped-DG2s.jpg\",\"width\":512,\"height\":512,\"caption\":\"Gruber-TDP\"},\"image\":{\"@id\":\"https:\/\/www.gruber.cz\/tdp\/#\/schema\/logo\/image\/\"},\"sameAs\":[\"https:\/\/www.facebook.com\/gruber.cz\/\",\"https:\/\/www.youtube.com\/user\/GruberTDP\"]}]}<\/script>\n<!-- \/ Yoast SEO plugin. -->","yoast_head_json":{"title":"Ob\u00e1lky knih - David Gruber","robots":{"index":"index","follow":"follow","max-snippet":"max-snippet:-1","max-image-preview":"max-image-preview:large","max-video-preview":"max-video-preview:-1"},"canonical":"https:\/\/www.gruber.cz\/tdp\/o-nas\/obalky-knih\/","og_locale":"cs_CZ","og_type":"article","og_title":"Ob\u00e1lky knih - David Gruber","og_description":"P\u0159ehled ob\u00e1lek star\u0161\u00edch knih Davida Grubera zde. Uk\u00e1zky ob\u00e1lek nov\u00e9 trojknihy &#8222;Inteligentn\u00ed \u010dten\u00ed v Internetov\u00e9m v\u011bku&#8220;:","og_url":"https:\/\/www.gruber.cz\/tdp\/o-nas\/obalky-knih\/","og_site_name":"David Gruber","article_publisher":"https:\/\/www.facebook.com\/gruber.cz\/","article_modified_time":"2017-05-30T15:25:09+00:00","og_image":[{"width":1650,"height":1319,"url":"https:\/\/www.gruber.cz\/tdp\/wp-content\/uploads\/2017\/04\/kniha6.jpg","type":"image\/jpeg"}],"twitter_card":"summary_large_image","schema":{"@context":"https:\/\/schema.org","@graph":[{"@type":"WebPage","@id":"https:\/\/www.gruber.cz\/tdp\/o-nas\/obalky-knih\/","url":"https:\/\/www.gruber.cz\/tdp\/o-nas\/obalky-knih\/","name":"Ob\u00e1lky knih - David Gruber","isPartOf":{"@id":"https:\/\/www.gruber.cz\/tdp\/#website"},"primaryImageOfPage":{"@id":"https:\/\/www.gruber.cz\/tdp\/o-nas\/obalky-knih\/#primaryimage"},"image":{"@id":"https:\/\/www.gruber.cz\/tdp\/o-nas\/obalky-knih\/#primaryimage"},"thumbnailUrl":"http:\/\/www.gruber.cz\/tdp\/wp-content\/uploads\/2017\/04\/kniha6-300x240.jpg","datePublished":"2017-04-21T11:59:48+00:00","dateModified":"2017-05-30T15:25:09+00:00","breadcrumb":{"@id":"https:\/\/www.gruber.cz\/tdp\/o-nas\/obalky-knih\/#breadcrumb"},"inLanguage":"cs","potentialAction":[{"@type":"ReadAction","target":["https:\/\/www.gruber.cz\/tdp\/o-nas\/obalky-knih\/"]}]},{"@type":"ImageObject","inLanguage":"cs","@id":"https:\/\/www.gruber.cz\/tdp\/o-nas\/obalky-knih\/#primaryimage","url":"http:\/\/www.gruber.cz\/tdp\/wp-content\/uploads\/2017\/04\/kniha6-300x240.jpg","contentUrl":"http:\/\/www.gruber.cz\/tdp\/wp-content\/uploads\/2017\/04\/kniha6-300x240.jpg"},{"@type":"BreadcrumbList","@id":"https:\/\/www.gruber.cz\/tdp\/o-nas\/obalky-knih\/#breadcrumb","itemListElement":[{"@type":"ListItem","position":1,"name":"Dom\u016f","item":"https:\/\/www.gruber.cz\/tdp\/"},{"@type":"ListItem","position":2,"name":"o n\u00e1s","item":"https:\/\/www.gruber.cz\/tdp\/o-nas\/"},{"@type":"ListItem","position":3,"name":"Ob\u00e1lky knih"}]},{"@type":"WebSite","@id":"https:\/\/www.gruber.cz\/tdp\/#website","url":"https:\/\/www.gruber.cz\/tdp\/","name":"David Gruber","description":"Techniky du&scaron;evn&iacute; pr&aacute;ce","publisher":{"@id":"https:\/\/www.gruber.cz\/tdp\/#organization"},"potentialAction":[{"@type":"SearchAction","target":{"@type":"EntryPoint","urlTemplate":"https:\/\/www.gruber.cz\/tdp\/?s={search_term_string}"},"query-input":{"@type":"PropertyValueSpecification","valueRequired":true,"valueName":"search_term_string"}}],"inLanguage":"cs"},{"@type":"Organization","@id":"https:\/\/www.gruber.cz\/tdp\/#organization","name":"Gruber-TDP","url":"https:\/\/www.gruber.cz\/tdp\/","logo":{"@type":"ImageObject","inLanguage":"cs","@id":"https:\/\/www.gruber.cz\/tdp\/#\/schema\/logo\/image\/","url":"https:\/\/www.gruber.cz\/tdp\/wp-content\/uploads\/2017\/03\/cropped-DG2s.jpg","contentUrl":"https:\/\/www.gruber.cz\/tdp\/wp-content\/uploads\/2017\/03\/cropped-DG2s.jpg","width":512,"height":512,"caption":"Gruber-TDP"},"image":{"@id":"https:\/\/www.gruber.cz\/tdp\/#\/schema\/logo\/image\/"},"sameAs":["https:\/\/www.facebook.com\/gruber.cz\/","https:\/\/www.youtube.com\/user\/GruberTDP"]}]}},"_links":{"self":[{"href":"https:\/\/www.gruber.cz\/tdp\/wp-json\/wp\/v2\/pages\/88","targetHints":{"allow":["GET"]}}],"collection":[{"href":"https:\/\/www.gruber.cz\/tdp\/wp-json\/wp\/v2\/pages"}],"about":[{"href":"https:\/\/www.gruber.cz\/tdp\/wp-json\/wp\/v2\/types\/page"}],"author":[{"embeddable":true,"href":"https:\/\/www.gruber.cz\/tdp\/wp-json\/wp\/v2\/users\/1"}],"replies":[{"embeddable":true,"href":"https:\/\/www.gruber.cz\/tdp\/wp-json\/wp\/v2\/comments?post=88"}],"version-history":[{"count":5,"href":"https:\/\/www.gruber.cz\/tdp\/wp-json\/wp\/v2\/pages\/88\/revisions"}],"predecessor-version":[{"id":149,"href":"https:\/\/www.gruber.cz\/tdp\/wp-json\/wp\/v2\/pages\/88\/revisions\/149"}],"up":[{"embeddable":true,"href":"https:\/\/www.gruber.cz\/tdp\/wp-json\/wp\/v2\/pages\/13"}],"wp:attachment":[{"href":"https:\/\/www.gruber.cz\/tdp\/wp-json\/wp\/v2\/media?parent=88"}],"curies":[{"name":"wp","href":"https:\/\/api.w.org\/{rel}","templated":true}]}}