{"id":844,"date":"2024-07-27T10:04:29","date_gmt":"2024-07-27T10:04:29","guid":{"rendered":"https:\/\/www.gruber.cz\/tdp\/?page_id=844"},"modified":"2024-07-27T10:08:23","modified_gmt":"2024-07-27T10:08:23","slug":"expertiza-profesora-smekala","status":"publish","type":"page","link":"https:\/\/www.gruber.cz\/tdp\/o-nas\/expertiza-profesora-smekala\/","title":{"rendered":"Expert\u00edza profesora Sm\u00e9kala"},"content":{"rendered":"\n<p><strong>Expert\u00edza \u0161pi\u010dkov\u00e9ho univerzitn\u00edho profesora psychologie k v\u00fdznamu pr\u00e1ce a objev\u016f Davida Grubera<\/strong> (<a href=\"https:\/\/www.gruber.cz\/static\/expertizaS.htm\" target=\"_blank\" rel=\"noreferrer noopener\">\u010desky<\/a>).<\/p>\n\n\n\n<p><strong>Expertise of Prof. Smekal about David Gruber\u00b4s Work, Education and Discoveries<\/strong> (<a href=\"https:\/\/www.gruber.cz\/static\/expertiseS.pdf\">in English<\/a>)<\/p>\n","protected":false},"excerpt":{"rendered":"<p>Expert\u00edza \u0161pi\u010dkov\u00e9ho univerzitn\u00edho profesora psychologie k v\u00fdznamu pr\u00e1ce a objev\u016f Davida Grubera (\u010desky). Expertise of Prof. Smekal about David Gruber\u00b4s Work, Education and Discoveries (in English)<\/p>\n","protected":false},"author":1,"featured_media":0,"parent":13,"menu_order":0,"comment_status":"closed","ping_status":"closed","template":"","meta":{"footnotes":""},"class_list":["post-844","page","type-page","status-publish","hentry"],"yoast_head":"<!-- This site is optimized with the Yoast SEO plugin v25.5 - https:\/\/yoast.com\/wordpress\/plugins\/seo\/ -->\n<title>Expert\u00edza profesora Sm\u00e9kala - David Gruber<\/title>\n<meta name=\"robots\" content=\"index, follow, max-snippet:-1, max-image-preview:large, max-video-preview:-1\" \/>\n<link rel=\"canonical\" href=\"https:\/\/www.gruber.cz\/tdp\/o-nas\/expertiza-profesora-smekala\/\" \/>\n<meta property=\"og:locale\" content=\"cs_CZ\" \/>\n<meta property=\"og:type\" content=\"article\" \/>\n<meta property=\"og:title\" content=\"Expert\u00edza profesora Sm\u00e9kala - David Gruber\" \/>\n<meta property=\"og:description\" content=\"Expert\u00edza \u0161pi\u010dkov\u00e9ho univerzitn\u00edho profesora psychologie k v\u00fdznamu pr\u00e1ce a objev\u016f Davida Grubera (\u010desky). Expertise of Prof. Smekal about David Gruber\u00b4s Work, Education and Discoveries (in English)\" \/>\n<meta property=\"og:url\" content=\"https:\/\/www.gruber.cz\/tdp\/o-nas\/expertiza-profesora-smekala\/\" \/>\n<meta property=\"og:site_name\" content=\"David Gruber\" \/>\n<meta property=\"article:publisher\" content=\"https:\/\/www.facebook.com\/gruber.cz\/\" \/>\n<meta property=\"article:modified_time\" content=\"2024-07-27T10:08:23+00:00\" \/>\n<meta name=\"twitter:card\" content=\"summary_large_image\" \/>\n<meta name=\"twitter:label1\" content=\"Odhadovan\u00e1 doba \u010dten\u00ed\" \/>\n\t<meta name=\"twitter:data1\" content=\"1 minuta\" \/>\n<script type=\"application\/ld+json\" class=\"yoast-schema-graph\">{\"@context\":\"https:\/\/schema.org\",\"@graph\":[{\"@type\":\"WebPage\",\"@id\":\"https:\/\/www.gruber.cz\/tdp\/o-nas\/expertiza-profesora-smekala\/\",\"url\":\"https:\/\/www.gruber.cz\/tdp\/o-nas\/expertiza-profesora-smekala\/\",\"name\":\"Expert\u00edza profesora Sm\u00e9kala - David Gruber\",\"isPartOf\":{\"@id\":\"https:\/\/www.gruber.cz\/tdp\/#website\"},\"datePublished\":\"2024-07-27T10:04:29+00:00\",\"dateModified\":\"2024-07-27T10:08:23+00:00\",\"breadcrumb\":{\"@id\":\"https:\/\/www.gruber.cz\/tdp\/o-nas\/expertiza-profesora-smekala\/#breadcrumb\"},\"inLanguage\":\"cs\",\"potentialAction\":[{\"@type\":\"ReadAction\",\"target\":[\"https:\/\/www.gruber.cz\/tdp\/o-nas\/expertiza-profesora-smekala\/\"]}]},{\"@type\":\"BreadcrumbList\",\"@id\":\"https:\/\/www.gruber.cz\/tdp\/o-nas\/expertiza-profesora-smekala\/#breadcrumb\",\"itemListElement\":[{\"@type\":\"ListItem\",\"position\":1,\"name\":\"Dom\u016f\",\"item\":\"https:\/\/www.gruber.cz\/tdp\/\"},{\"@type\":\"ListItem\",\"position\":2,\"name\":\"o n\u00e1s\",\"item\":\"https:\/\/www.gruber.cz\/tdp\/o-nas\/\"},{\"@type\":\"ListItem\",\"position\":3,\"name\":\"Expert\u00edza profesora Sm\u00e9kala\"}]},{\"@type\":\"WebSite\",\"@id\":\"https:\/\/www.gruber.cz\/tdp\/#website\",\"url\":\"https:\/\/www.gruber.cz\/tdp\/\",\"name\":\"David Gruber\",\"description\":\"Techniky du&scaron;evn&iacute; pr&aacute;ce\",\"publisher\":{\"@id\":\"https:\/\/www.gruber.cz\/tdp\/#organization\"},\"potentialAction\":[{\"@type\":\"SearchAction\",\"target\":{\"@type\":\"EntryPoint\",\"urlTemplate\":\"https:\/\/www.gruber.cz\/tdp\/?s={search_term_string}\"},\"query-input\":{\"@type\":\"PropertyValueSpecification\",\"valueRequired\":true,\"valueName\":\"search_term_string\"}}],\"inLanguage\":\"cs\"},{\"@type\":\"Organization\",\"@id\":\"https:\/\/www.gruber.cz\/tdp\/#organization\",\"name\":\"Gruber-TDP\",\"url\":\"https:\/\/www.gruber.cz\/tdp\/\",\"logo\":{\"@type\":\"ImageObject\",\"inLanguage\":\"cs\",\"@id\":\"https:\/\/www.gruber.cz\/tdp\/#\/schema\/logo\/image\/\",\"url\":\"https:\/\/www.gruber.cz\/tdp\/wp-content\/uploads\/2017\/03\/cropped-DG2s.jpg\",\"contentUrl\":\"https:\/\/www.gruber.cz\/tdp\/wp-content\/uploads\/2017\/03\/cropped-DG2s.jpg\",\"width\":512,\"height\":512,\"caption\":\"Gruber-TDP\"},\"image\":{\"@id\":\"https:\/\/www.gruber.cz\/tdp\/#\/schema\/logo\/image\/\"},\"sameAs\":[\"https:\/\/www.facebook.com\/gruber.cz\/\",\"https:\/\/www.youtube.com\/user\/GruberTDP\"]}]}<\/script>\n<!-- \/ Yoast SEO plugin. -->","yoast_head_json":{"title":"Expert\u00edza profesora Sm\u00e9kala - David Gruber","robots":{"index":"index","follow":"follow","max-snippet":"max-snippet:-1","max-image-preview":"max-image-preview:large","max-video-preview":"max-video-preview:-1"},"canonical":"https:\/\/www.gruber.cz\/tdp\/o-nas\/expertiza-profesora-smekala\/","og_locale":"cs_CZ","og_type":"article","og_title":"Expert\u00edza profesora Sm\u00e9kala - David Gruber","og_description":"Expert\u00edza \u0161pi\u010dkov\u00e9ho univerzitn\u00edho profesora psychologie k v\u00fdznamu pr\u00e1ce a objev\u016f Davida Grubera (\u010desky). Expertise of Prof. Smekal about David Gruber\u00b4s Work, Education and Discoveries (in English)","og_url":"https:\/\/www.gruber.cz\/tdp\/o-nas\/expertiza-profesora-smekala\/","og_site_name":"David Gruber","article_publisher":"https:\/\/www.facebook.com\/gruber.cz\/","article_modified_time":"2024-07-27T10:08:23+00:00","twitter_card":"summary_large_image","twitter_misc":{"Odhadovan\u00e1 doba \u010dten\u00ed":"1 minuta"},"schema":{"@context":"https:\/\/schema.org","@graph":[{"@type":"WebPage","@id":"https:\/\/www.gruber.cz\/tdp\/o-nas\/expertiza-profesora-smekala\/","url":"https:\/\/www.gruber.cz\/tdp\/o-nas\/expertiza-profesora-smekala\/","name":"Expert\u00edza profesora Sm\u00e9kala - David Gruber","isPartOf":{"@id":"https:\/\/www.gruber.cz\/tdp\/#website"},"datePublished":"2024-07-27T10:04:29+00:00","dateModified":"2024-07-27T10:08:23+00:00","breadcrumb":{"@id":"https:\/\/www.gruber.cz\/tdp\/o-nas\/expertiza-profesora-smekala\/#breadcrumb"},"inLanguage":"cs","potentialAction":[{"@type":"ReadAction","target":["https:\/\/www.gruber.cz\/tdp\/o-nas\/expertiza-profesora-smekala\/"]}]},{"@type":"BreadcrumbList","@id":"https:\/\/www.gruber.cz\/tdp\/o-nas\/expertiza-profesora-smekala\/#breadcrumb","itemListElement":[{"@type":"ListItem","position":1,"name":"Dom\u016f","item":"https:\/\/www.gruber.cz\/tdp\/"},{"@type":"ListItem","position":2,"name":"o n\u00e1s","item":"https:\/\/www.gruber.cz\/tdp\/o-nas\/"},{"@type":"ListItem","position":3,"name":"Expert\u00edza profesora Sm\u00e9kala"}]},{"@type":"WebSite","@id":"https:\/\/www.gruber.cz\/tdp\/#website","url":"https:\/\/www.gruber.cz\/tdp\/","name":"David Gruber","description":"Techniky du&scaron;evn&iacute; pr&aacute;ce","publisher":{"@id":"https:\/\/www.gruber.cz\/tdp\/#organization"},"potentialAction":[{"@type":"SearchAction","target":{"@type":"EntryPoint","urlTemplate":"https:\/\/www.gruber.cz\/tdp\/?s={search_term_string}"},"query-input":{"@type":"PropertyValueSpecification","valueRequired":true,"valueName":"search_term_string"}}],"inLanguage":"cs"},{"@type":"Organization","@id":"https:\/\/www.gruber.cz\/tdp\/#organization","name":"Gruber-TDP","url":"https:\/\/www.gruber.cz\/tdp\/","logo":{"@type":"ImageObject","inLanguage":"cs","@id":"https:\/\/www.gruber.cz\/tdp\/#\/schema\/logo\/image\/","url":"https:\/\/www.gruber.cz\/tdp\/wp-content\/uploads\/2017\/03\/cropped-DG2s.jpg","contentUrl":"https:\/\/www.gruber.cz\/tdp\/wp-content\/uploads\/2017\/03\/cropped-DG2s.jpg","width":512,"height":512,"caption":"Gruber-TDP"},"image":{"@id":"https:\/\/www.gruber.cz\/tdp\/#\/schema\/logo\/image\/"},"sameAs":["https:\/\/www.facebook.com\/gruber.cz\/","https:\/\/www.youtube.com\/user\/GruberTDP"]}]}},"_links":{"self":[{"href":"https:\/\/www.gruber.cz\/tdp\/wp-json\/wp\/v2\/pages\/844","targetHints":{"allow":["GET"]}}],"collection":[{"href":"https:\/\/www.gruber.cz\/tdp\/wp-json\/wp\/v2\/pages"}],"about":[{"href":"https:\/\/www.gruber.cz\/tdp\/wp-json\/wp\/v2\/types\/page"}],"author":[{"embeddable":true,"href":"https:\/\/www.gruber.cz\/tdp\/wp-json\/wp\/v2\/users\/1"}],"replies":[{"embeddable":true,"href":"https:\/\/www.gruber.cz\/tdp\/wp-json\/wp\/v2\/comments?post=844"}],"version-history":[{"count":3,"href":"https:\/\/www.gruber.cz\/tdp\/wp-json\/wp\/v2\/pages\/844\/revisions"}],"predecessor-version":[{"id":848,"href":"https:\/\/www.gruber.cz\/tdp\/wp-json\/wp\/v2\/pages\/844\/revisions\/848"}],"up":[{"embeddable":true,"href":"https:\/\/www.gruber.cz\/tdp\/wp-json\/wp\/v2\/pages\/13"}],"wp:attachment":[{"href":"https:\/\/www.gruber.cz\/tdp\/wp-json\/wp\/v2\/media?parent=844"}],"curies":[{"name":"wp","href":"https:\/\/api.w.org\/{rel}","templated":true}]}}