{"id":837,"date":"2024-07-27T09:32:08","date_gmt":"2024-07-27T09:32:08","guid":{"rendered":"https:\/\/www.gruber.cz\/tdp\/?page_id=837"},"modified":"2024-07-27T09:49:01","modified_gmt":"2024-07-27T09:49:01","slug":"open-letter-to-mentally-working-people","status":"publish","type":"page","link":"https:\/\/www.gruber.cz\/tdp\/o-nas\/open-letter-to-mentally-working-people\/","title":{"rendered":"Open Letter to Mentally Working People"},"content":{"rendered":"\n<p>Open Letter to all Mentally Working People.<\/p>\n\n\n\n<p>(<a href=\"http:\/\/www.gruber.cz\/es\/ODopisTDPeng.pdf\" target=\"_blank\" rel=\"noreferrer noopener\">open letter<\/a> \u2013 <a href=\"http:\/\/www.gruber.cz\/images\/stories\/dopis\/ODopis-podpisys.jpg\" target=\"_blank\" rel=\"noreferrer noopener\">signatures<\/a> \u2013 <a href=\"http:\/\/www.gruber.cz\/es\/ODopis-signeng.pdf\" target=\"_blank\" rel=\"noreferrer noopener\">signatories<\/a>)<\/p>\n","protected":false},"excerpt":{"rendered":"<p>Open Letter to all Mentally Working People. (open letter \u2013 signatures \u2013 signatories)<\/p>\n","protected":false},"author":3,"featured_media":0,"parent":13,"menu_order":7,"comment_status":"closed","ping_status":"closed","template":"","meta":{"footnotes":""},"class_list":["post-837","page","type-page","status-publish","hentry"],"yoast_head":"<!-- This site is optimized with the Yoast SEO plugin v25.5 - https:\/\/yoast.com\/wordpress\/plugins\/seo\/ -->\n<title>Open Letter to Mentally Working People - David Gruber<\/title>\n<meta name=\"robots\" content=\"index, follow, max-snippet:-1, max-image-preview:large, max-video-preview:-1\" \/>\n<link rel=\"canonical\" href=\"https:\/\/www.gruber.cz\/tdp\/o-nas\/open-letter-to-mentally-working-people\/\" \/>\n<meta property=\"og:locale\" content=\"cs_CZ\" \/>\n<meta property=\"og:type\" content=\"article\" \/>\n<meta property=\"og:title\" content=\"Open Letter to Mentally Working People - David Gruber\" \/>\n<meta property=\"og:description\" content=\"Open Letter to all Mentally Working People. (open letter \u2013 signatures \u2013 signatories)\" \/>\n<meta property=\"og:url\" content=\"https:\/\/www.gruber.cz\/tdp\/o-nas\/open-letter-to-mentally-working-people\/\" \/>\n<meta property=\"og:site_name\" content=\"David Gruber\" \/>\n<meta property=\"article:publisher\" content=\"https:\/\/www.facebook.com\/gruber.cz\/\" \/>\n<meta property=\"article:modified_time\" content=\"2024-07-27T09:49:01+00:00\" \/>\n<meta name=\"twitter:card\" content=\"summary_large_image\" \/>\n<meta name=\"twitter:label1\" content=\"Odhadovan\u00e1 doba \u010dten\u00ed\" \/>\n\t<meta name=\"twitter:data1\" content=\"1 minuta\" \/>\n<script type=\"application\/ld+json\" class=\"yoast-schema-graph\">{\"@context\":\"https:\/\/schema.org\",\"@graph\":[{\"@type\":\"WebPage\",\"@id\":\"https:\/\/www.gruber.cz\/tdp\/o-nas\/open-letter-to-mentally-working-people\/\",\"url\":\"https:\/\/www.gruber.cz\/tdp\/o-nas\/open-letter-to-mentally-working-people\/\",\"name\":\"Open Letter to Mentally Working People - David Gruber\",\"isPartOf\":{\"@id\":\"https:\/\/www.gruber.cz\/tdp\/#website\"},\"datePublished\":\"2024-07-27T09:32:08+00:00\",\"dateModified\":\"2024-07-27T09:49:01+00:00\",\"breadcrumb\":{\"@id\":\"https:\/\/www.gruber.cz\/tdp\/o-nas\/open-letter-to-mentally-working-people\/#breadcrumb\"},\"inLanguage\":\"cs\",\"potentialAction\":[{\"@type\":\"ReadAction\",\"target\":[\"https:\/\/www.gruber.cz\/tdp\/o-nas\/open-letter-to-mentally-working-people\/\"]}]},{\"@type\":\"BreadcrumbList\",\"@id\":\"https:\/\/www.gruber.cz\/tdp\/o-nas\/open-letter-to-mentally-working-people\/#breadcrumb\",\"itemListElement\":[{\"@type\":\"ListItem\",\"position\":1,\"name\":\"Dom\u016f\",\"item\":\"https:\/\/www.gruber.cz\/tdp\/\"},{\"@type\":\"ListItem\",\"position\":2,\"name\":\"o n\u00e1s\",\"item\":\"https:\/\/www.gruber.cz\/tdp\/o-nas\/\"},{\"@type\":\"ListItem\",\"position\":3,\"name\":\"Open Letter to Mentally Working People\"}]},{\"@type\":\"WebSite\",\"@id\":\"https:\/\/www.gruber.cz\/tdp\/#website\",\"url\":\"https:\/\/www.gruber.cz\/tdp\/\",\"name\":\"David Gruber\",\"description\":\"Techniky du&scaron;evn&iacute; pr&aacute;ce\",\"publisher\":{\"@id\":\"https:\/\/www.gruber.cz\/tdp\/#organization\"},\"potentialAction\":[{\"@type\":\"SearchAction\",\"target\":{\"@type\":\"EntryPoint\",\"urlTemplate\":\"https:\/\/www.gruber.cz\/tdp\/?s={search_term_string}\"},\"query-input\":{\"@type\":\"PropertyValueSpecification\",\"valueRequired\":true,\"valueName\":\"search_term_string\"}}],\"inLanguage\":\"cs\"},{\"@type\":\"Organization\",\"@id\":\"https:\/\/www.gruber.cz\/tdp\/#organization\",\"name\":\"Gruber-TDP\",\"url\":\"https:\/\/www.gruber.cz\/tdp\/\",\"logo\":{\"@type\":\"ImageObject\",\"inLanguage\":\"cs\",\"@id\":\"https:\/\/www.gruber.cz\/tdp\/#\/schema\/logo\/image\/\",\"url\":\"https:\/\/www.gruber.cz\/tdp\/wp-content\/uploads\/2017\/03\/cropped-DG2s.jpg\",\"contentUrl\":\"https:\/\/www.gruber.cz\/tdp\/wp-content\/uploads\/2017\/03\/cropped-DG2s.jpg\",\"width\":512,\"height\":512,\"caption\":\"Gruber-TDP\"},\"image\":{\"@id\":\"https:\/\/www.gruber.cz\/tdp\/#\/schema\/logo\/image\/\"},\"sameAs\":[\"https:\/\/www.facebook.com\/gruber.cz\/\",\"https:\/\/www.youtube.com\/user\/GruberTDP\"]}]}<\/script>\n<!-- \/ Yoast SEO plugin. -->","yoast_head_json":{"title":"Open Letter to Mentally Working People - David Gruber","robots":{"index":"index","follow":"follow","max-snippet":"max-snippet:-1","max-image-preview":"max-image-preview:large","max-video-preview":"max-video-preview:-1"},"canonical":"https:\/\/www.gruber.cz\/tdp\/o-nas\/open-letter-to-mentally-working-people\/","og_locale":"cs_CZ","og_type":"article","og_title":"Open Letter to Mentally Working People - David Gruber","og_description":"Open Letter to all Mentally Working People. (open letter \u2013 signatures \u2013 signatories)","og_url":"https:\/\/www.gruber.cz\/tdp\/o-nas\/open-letter-to-mentally-working-people\/","og_site_name":"David Gruber","article_publisher":"https:\/\/www.facebook.com\/gruber.cz\/","article_modified_time":"2024-07-27T09:49:01+00:00","twitter_card":"summary_large_image","twitter_misc":{"Odhadovan\u00e1 doba \u010dten\u00ed":"1 minuta"},"schema":{"@context":"https:\/\/schema.org","@graph":[{"@type":"WebPage","@id":"https:\/\/www.gruber.cz\/tdp\/o-nas\/open-letter-to-mentally-working-people\/","url":"https:\/\/www.gruber.cz\/tdp\/o-nas\/open-letter-to-mentally-working-people\/","name":"Open Letter to Mentally Working People - David Gruber","isPartOf":{"@id":"https:\/\/www.gruber.cz\/tdp\/#website"},"datePublished":"2024-07-27T09:32:08+00:00","dateModified":"2024-07-27T09:49:01+00:00","breadcrumb":{"@id":"https:\/\/www.gruber.cz\/tdp\/o-nas\/open-letter-to-mentally-working-people\/#breadcrumb"},"inLanguage":"cs","potentialAction":[{"@type":"ReadAction","target":["https:\/\/www.gruber.cz\/tdp\/o-nas\/open-letter-to-mentally-working-people\/"]}]},{"@type":"BreadcrumbList","@id":"https:\/\/www.gruber.cz\/tdp\/o-nas\/open-letter-to-mentally-working-people\/#breadcrumb","itemListElement":[{"@type":"ListItem","position":1,"name":"Dom\u016f","item":"https:\/\/www.gruber.cz\/tdp\/"},{"@type":"ListItem","position":2,"name":"o n\u00e1s","item":"https:\/\/www.gruber.cz\/tdp\/o-nas\/"},{"@type":"ListItem","position":3,"name":"Open Letter to Mentally Working People"}]},{"@type":"WebSite","@id":"https:\/\/www.gruber.cz\/tdp\/#website","url":"https:\/\/www.gruber.cz\/tdp\/","name":"David Gruber","description":"Techniky du&scaron;evn&iacute; pr&aacute;ce","publisher":{"@id":"https:\/\/www.gruber.cz\/tdp\/#organization"},"potentialAction":[{"@type":"SearchAction","target":{"@type":"EntryPoint","urlTemplate":"https:\/\/www.gruber.cz\/tdp\/?s={search_term_string}"},"query-input":{"@type":"PropertyValueSpecification","valueRequired":true,"valueName":"search_term_string"}}],"inLanguage":"cs"},{"@type":"Organization","@id":"https:\/\/www.gruber.cz\/tdp\/#organization","name":"Gruber-TDP","url":"https:\/\/www.gruber.cz\/tdp\/","logo":{"@type":"ImageObject","inLanguage":"cs","@id":"https:\/\/www.gruber.cz\/tdp\/#\/schema\/logo\/image\/","url":"https:\/\/www.gruber.cz\/tdp\/wp-content\/uploads\/2017\/03\/cropped-DG2s.jpg","contentUrl":"https:\/\/www.gruber.cz\/tdp\/wp-content\/uploads\/2017\/03\/cropped-DG2s.jpg","width":512,"height":512,"caption":"Gruber-TDP"},"image":{"@id":"https:\/\/www.gruber.cz\/tdp\/#\/schema\/logo\/image\/"},"sameAs":["https:\/\/www.facebook.com\/gruber.cz\/","https:\/\/www.youtube.com\/user\/GruberTDP"]}]}},"_links":{"self":[{"href":"https:\/\/www.gruber.cz\/tdp\/wp-json\/wp\/v2\/pages\/837","targetHints":{"allow":["GET"]}}],"collection":[{"href":"https:\/\/www.gruber.cz\/tdp\/wp-json\/wp\/v2\/pages"}],"about":[{"href":"https:\/\/www.gruber.cz\/tdp\/wp-json\/wp\/v2\/types\/page"}],"author":[{"embeddable":true,"href":"https:\/\/www.gruber.cz\/tdp\/wp-json\/wp\/v2\/users\/3"}],"replies":[{"embeddable":true,"href":"https:\/\/www.gruber.cz\/tdp\/wp-json\/wp\/v2\/comments?post=837"}],"version-history":[{"count":4,"href":"https:\/\/www.gruber.cz\/tdp\/wp-json\/wp\/v2\/pages\/837\/revisions"}],"predecessor-version":[{"id":842,"href":"https:\/\/www.gruber.cz\/tdp\/wp-json\/wp\/v2\/pages\/837\/revisions\/842"}],"up":[{"embeddable":true,"href":"https:\/\/www.gruber.cz\/tdp\/wp-json\/wp\/v2\/pages\/13"}],"wp:attachment":[{"href":"https:\/\/www.gruber.cz\/tdp\/wp-json\/wp\/v2\/media?parent=837"}],"curies":[{"name":"wp","href":"https:\/\/api.w.org\/{rel}","templated":true}]}}