{"id":80,"date":"2017-04-21T11:48:11","date_gmt":"2017-04-21T11:48:11","guid":{"rendered":"http:\/\/www.gruber.cz\/tdp\/?page_id=80"},"modified":"2017-04-21T11:48:11","modified_gmt":"2017-04-21T11:48:11","slug":"seznam-knih-a-kurzu","status":"publish","type":"page","link":"https:\/\/www.gruber.cz\/tdp\/o-nas\/seznam-knih-a-kurzu\/","title":{"rendered":"Seznam knih a kurz\u016f"},"content":{"rendered":"<p><strong>Seznam knih:<\/strong><br \/>\n<a href=\"http:\/\/www.gruber.cz\/tdp\/wp-content\/uploads\/2017\/04\/seznamknih2.png\"><img loading=\"lazy\" decoding=\"async\" class=\"alignnone size-medium wp-image-81\" src=\"http:\/\/www.gruber.cz\/tdp\/wp-content\/uploads\/2017\/04\/seznamknih2-248x300.png\" alt=\"\" width=\"248\" height=\"300\" srcset=\"https:\/\/www.gruber.cz\/tdp\/wp-content\/uploads\/2017\/04\/seznamknih2-248x300.png 248w, https:\/\/www.gruber.cz\/tdp\/wp-content\/uploads\/2017\/04\/seznamknih2-768x929.png 768w, https:\/\/www.gruber.cz\/tdp\/wp-content\/uploads\/2017\/04\/seznamknih2-847x1024.png 847w, https:\/\/www.gruber.cz\/tdp\/wp-content\/uploads\/2017\/04\/seznamknih2.png 1000w\" sizes=\"auto, (max-width: 248px) 100vw, 248px\" \/><\/a><br \/>\nDohromady se s minim\u00e1ln\u00ed reklamou (tedy hlavn\u011b na z\u00e1klad\u011b \u00fastn\u00edch ohlas\u016f \u017e\u00e1k\u016f kurz\u016f a \u010dten\u00e1\u0159\u016f \u010dasopiseck\u00fdch \u010dl\u00e1nk\u016f a jin\u00fdch knih Davida Grubera a div\u00e1k\u016f jeho televizn\u00edch seri\u00e1l\u016f) prodalo asi jeden milion a sto tis\u00edc v\u00fdtisk\u016f knih, e-knih, audioknih a videoknih. Od prvn\u00ed poloviny devades\u00e1t\u00fdch let \u010dten\u00e1\u0159i hlavn\u011b oce\u0148ovali<br \/>\n&#8211; \u017ee David Gruber d\u00edky s\u00e9rii sv\u00fdch v\u00fdznamn\u00fdch objev\u016f v oblasti rozvoje osobnosti v \u00farovn\u00ed v\u011bd\u011bn\u00ed a u\u017eite\u010dnosti pro \u010dten\u00e1\u0159e p\u0159ekonal i ty nejv\u011bt\u0161\u00ed zahrani\u010dn\u00ed guru sv\u00e9ho oboru (m\u00e1me o tom \u0159adu nez\u00e1visl\u00fdch ohlas\u016f),<br \/>\n&#8211; \u017ee d\u00edky t\u011bmto objev\u016fm Davida Grubera (psychovzorce neboli multimetody) je ka\u017ed\u00e1 dal\u0161\u00ed budouc\u00ed kniha v oblasti m\u011bkk\u00fdch dovednost\u00ed<br \/>\n&#8211; ve v\u0161ech hlavn\u00edch rysech p\u0159edv\u00eddateln\u00e1,<br \/>\n&#8211; zvl\u00e1dnuteln\u00e1 s nadhledem a kontrolovateln\u00e1, zda jin\u00fd autor postupuje spr\u00e1vn\u011b,<br \/>\n&#8211; doplniteln\u00e1 o \u0159e\u0161en\u00ed situac\u00ed, kde jin\u00fd autor t\u00e1pe,<br \/>\n&#8211; opraviteln\u00e1 v\u0161ude tam, kde jin\u00fd autor kv\u016fli neznalosti psychovzorc\u016f chybuje,<br \/>\n&#8211; roz\u0161\u00ed\u0159iteln\u00e1 a p\u0159ekonateln\u00e1.<\/p>\n<p><strong>Seznam kurz\u016f:<\/strong><br \/>\n<a href=\"http:\/\/www.gruber.cz\/tdp\/wp-content\/uploads\/2017\/04\/seznamkurzu2.png\"><img loading=\"lazy\" decoding=\"async\" class=\"alignnone size-medium wp-image-82\" src=\"http:\/\/www.gruber.cz\/tdp\/wp-content\/uploads\/2017\/04\/seznamkurzu2-300x291.png\" alt=\"\" width=\"300\" height=\"291\" srcset=\"https:\/\/www.gruber.cz\/tdp\/wp-content\/uploads\/2017\/04\/seznamkurzu2-300x291.png 300w, https:\/\/www.gruber.cz\/tdp\/wp-content\/uploads\/2017\/04\/seznamkurzu2-768x746.png 768w, https:\/\/www.gruber.cz\/tdp\/wp-content\/uploads\/2017\/04\/seznamkurzu2.png 800w\" sizes=\"auto, (max-width: 300px) 100vw, 300px\" \/><\/a><br \/>\nTento seznam nen\u00ed \u00fapln\u00fd, obsahuje jen hlavn\u00ed t\u00e9mata. Je ur\u010den pro ty, kte\u0159\u00ed maj\u00ed r\u00e1di konkr\u00e9tn\u00ed n\u00e1zvy. Jinak ale plat\u00ed, \u017ee David Gruber u\u010d\u00ed, konzultuje, rad\u00ed, kou\u010duje ve V\u0160ECH oblastech, kter\u00e9 souvis\u00ed v \u017eivot\u011b jedince psychicky s jeho P\u0158\u00cdJMEM informac\u00ed, s jejich ZPRACOV\u00c1N\u00cdM, UCHOV\u00c1N\u00cdM, KREATIVN\u00cdM ROZ\u0160\u00cd\u0158EN\u00cdM a s jejich V\u00ddDEJEM v\u0161emi zp\u016fsoby &#8211; tedy hlavn\u011b \u00fastn\u011b, p\u00edsemn\u011b a pomoc\u00ed body language. Tedy David Gruber u\u010d\u00ed a p\u016fsob\u00ed ve v\u0161ech oblastech, kter\u00e9 jakkoliv souvis\u00ed s psychick\u00fdm rozvojem osobnosti.<br \/>\nSnad krom\u011b asertivity jsou v\u0161echna kurzov\u00e1 t\u00e9mata autorsk\u00fdm n\u00e1padem Davida Grubera; sestavoval tyto kurzy od prvn\u00ed poloviny 80. let pr\u016fkopnicky, bez mo\u017enosti nav\u0161\u00edtvit takov\u00e9to \u010di podobn\u00e9 kurzy n\u011bkde jinde. U\u010dil t\u011bmto t\u00e9mat\u016fm n\u011bkolik let na \u010deskoslovensk\u00e9m a \u010desk\u00e9m vzd\u011bl\u00e1vac\u00edm trhu s\u00e1m. Vzbudil sv\u00fdmi t\u00e9matick\u00fdmi n\u00e1pady, \u0161pi\u010dkovou kvalitou a skv\u011blou u\u017eite\u010dnost\u00ed tak velkou popt\u00e1vku, \u017ee ji dnes pokr\u00fdv\u00e1 v obdobn\u00fdch t\u00e9matech asi p\u011bt tis\u00edc dal\u0161\u00edch \u010desk\u00fdch lektor\u016f a konzultant\u016f. Na rozd\u00edl od jin\u00fdch lektor\u016f a jin\u00fdch kurz\u016f s podobn\u011b zn\u011bj\u00edc\u00edmi n\u00e1zvy David Gruber neu\u010d\u00ed jen pomoc\u00ed metod, ale hlavn\u011b pomoc\u00ed multimetod neboli psychovzorc\u016f. Jak\u00fd je to rozd\u00edl, na to se pod\u00edvejte t\u0159eba v Otev\u0159en\u00e9m dopisu v\u0161em du\u0161evn\u011b pracuj\u00edc\u00edm lidem na\u0161\u00ed zem\u011b, signovan\u00fdm v\u00fdznamn\u00fdmi \u00fasp\u011b\u0161n\u00fdmi osobnostmi &#8211; vesm\u011bs \u017e\u00e1ky a organiz\u00e1tory kurz\u016f Davida Grubera.<\/p>\n","protected":false},"excerpt":{"rendered":"<p>Seznam knih: Dohromady se s minim\u00e1ln\u00ed reklamou (tedy hlavn\u011b na z\u00e1klad\u011b \u00fastn\u00edch ohlas\u016f \u017e\u00e1k\u016f kurz\u016f a \u010dten\u00e1\u0159\u016f \u010dasopiseck\u00fdch \u010dl\u00e1nk\u016f a jin\u00fdch knih Davida Grubera a div\u00e1k\u016f jeho televizn\u00edch seri\u00e1l\u016f) prodalo asi jeden milion a sto tis\u00edc v\u00fdtisk\u016f knih, e-knih, audioknih a videoknih. Od prvn\u00ed poloviny devades\u00e1t\u00fdch let \u010dten\u00e1\u0159i hlavn\u011b oce\u0148ovali &#8211; \u017ee David Gruber d\u00edky&hellip;<\/p>\n<p class=\"more-link-wrapper\"><a class=\"more-link\" href=\"https:\/\/www.gruber.cz\/tdp\/o-nas\/seznam-knih-a-kurzu\/\">Continue<\/a><\/p>\n","protected":false},"author":1,"featured_media":0,"parent":13,"menu_order":0,"comment_status":"closed","ping_status":"closed","template":"","meta":{"footnotes":""},"class_list":["post-80","page","type-page","status-publish","hentry"],"yoast_head":"<!-- This site is optimized with the Yoast SEO plugin v25.5 - https:\/\/yoast.com\/wordpress\/plugins\/seo\/ -->\n<title>Seznam knih a kurz\u016f - David Gruber<\/title>\n<meta name=\"robots\" content=\"index, follow, max-snippet:-1, max-image-preview:large, max-video-preview:-1\" \/>\n<link rel=\"canonical\" href=\"https:\/\/www.gruber.cz\/tdp\/o-nas\/seznam-knih-a-kurzu\/\" \/>\n<meta property=\"og:locale\" content=\"cs_CZ\" \/>\n<meta property=\"og:type\" content=\"article\" \/>\n<meta property=\"og:title\" content=\"Seznam knih a kurz\u016f - David Gruber\" \/>\n<meta property=\"og:description\" content=\"Seznam knih: Dohromady se s minim\u00e1ln\u00ed reklamou (tedy hlavn\u011b na z\u00e1klad\u011b \u00fastn\u00edch ohlas\u016f \u017e\u00e1k\u016f kurz\u016f a \u010dten\u00e1\u0159\u016f \u010dasopiseck\u00fdch \u010dl\u00e1nk\u016f a jin\u00fdch knih Davida Grubera a div\u00e1k\u016f jeho televizn\u00edch seri\u00e1l\u016f) prodalo asi jeden milion a sto tis\u00edc v\u00fdtisk\u016f knih, e-knih, audioknih a videoknih. Od prvn\u00ed poloviny devades\u00e1t\u00fdch let \u010dten\u00e1\u0159i hlavn\u011b oce\u0148ovali &#8211; \u017ee David Gruber d\u00edky&hellip;Continue\" \/>\n<meta property=\"og:url\" content=\"https:\/\/www.gruber.cz\/tdp\/o-nas\/seznam-knih-a-kurzu\/\" \/>\n<meta property=\"og:site_name\" content=\"David Gruber\" \/>\n<meta property=\"article:publisher\" content=\"https:\/\/www.facebook.com\/gruber.cz\/\" \/>\n<meta property=\"og:image\" content=\"https:\/\/www.gruber.cz\/tdp\/wp-content\/uploads\/2017\/04\/seznamknih2.png\" \/>\n\t<meta property=\"og:image:width\" content=\"1000\" \/>\n\t<meta property=\"og:image:height\" content=\"1209\" \/>\n\t<meta property=\"og:image:type\" content=\"image\/png\" \/>\n<meta name=\"twitter:card\" content=\"summary_large_image\" \/>\n<meta name=\"twitter:label1\" content=\"Odhadovan\u00e1 doba \u010dten\u00ed\" \/>\n\t<meta name=\"twitter:data1\" content=\"2 minuty\" \/>\n<script type=\"application\/ld+json\" class=\"yoast-schema-graph\">{\"@context\":\"https:\/\/schema.org\",\"@graph\":[{\"@type\":\"WebPage\",\"@id\":\"https:\/\/www.gruber.cz\/tdp\/o-nas\/seznam-knih-a-kurzu\/\",\"url\":\"https:\/\/www.gruber.cz\/tdp\/o-nas\/seznam-knih-a-kurzu\/\",\"name\":\"Seznam knih a kurz\u016f - David Gruber\",\"isPartOf\":{\"@id\":\"https:\/\/www.gruber.cz\/tdp\/#website\"},\"primaryImageOfPage\":{\"@id\":\"https:\/\/www.gruber.cz\/tdp\/o-nas\/seznam-knih-a-kurzu\/#primaryimage\"},\"image\":{\"@id\":\"https:\/\/www.gruber.cz\/tdp\/o-nas\/seznam-knih-a-kurzu\/#primaryimage\"},\"thumbnailUrl\":\"http:\/\/www.gruber.cz\/tdp\/wp-content\/uploads\/2017\/04\/seznamknih2-248x300.png\",\"datePublished\":\"2017-04-21T11:48:11+00:00\",\"breadcrumb\":{\"@id\":\"https:\/\/www.gruber.cz\/tdp\/o-nas\/seznam-knih-a-kurzu\/#breadcrumb\"},\"inLanguage\":\"cs\",\"potentialAction\":[{\"@type\":\"ReadAction\",\"target\":[\"https:\/\/www.gruber.cz\/tdp\/o-nas\/seznam-knih-a-kurzu\/\"]}]},{\"@type\":\"ImageObject\",\"inLanguage\":\"cs\",\"@id\":\"https:\/\/www.gruber.cz\/tdp\/o-nas\/seznam-knih-a-kurzu\/#primaryimage\",\"url\":\"http:\/\/www.gruber.cz\/tdp\/wp-content\/uploads\/2017\/04\/seznamknih2-248x300.png\",\"contentUrl\":\"http:\/\/www.gruber.cz\/tdp\/wp-content\/uploads\/2017\/04\/seznamknih2-248x300.png\"},{\"@type\":\"BreadcrumbList\",\"@id\":\"https:\/\/www.gruber.cz\/tdp\/o-nas\/seznam-knih-a-kurzu\/#breadcrumb\",\"itemListElement\":[{\"@type\":\"ListItem\",\"position\":1,\"name\":\"Dom\u016f\",\"item\":\"https:\/\/www.gruber.cz\/tdp\/\"},{\"@type\":\"ListItem\",\"position\":2,\"name\":\"o n\u00e1s\",\"item\":\"https:\/\/www.gruber.cz\/tdp\/o-nas\/\"},{\"@type\":\"ListItem\",\"position\":3,\"name\":\"Seznam knih a kurz\u016f\"}]},{\"@type\":\"WebSite\",\"@id\":\"https:\/\/www.gruber.cz\/tdp\/#website\",\"url\":\"https:\/\/www.gruber.cz\/tdp\/\",\"name\":\"David Gruber\",\"description\":\"Techniky du&scaron;evn&iacute; pr&aacute;ce\",\"publisher\":{\"@id\":\"https:\/\/www.gruber.cz\/tdp\/#organization\"},\"potentialAction\":[{\"@type\":\"SearchAction\",\"target\":{\"@type\":\"EntryPoint\",\"urlTemplate\":\"https:\/\/www.gruber.cz\/tdp\/?s={search_term_string}\"},\"query-input\":{\"@type\":\"PropertyValueSpecification\",\"valueRequired\":true,\"valueName\":\"search_term_string\"}}],\"inLanguage\":\"cs\"},{\"@type\":\"Organization\",\"@id\":\"https:\/\/www.gruber.cz\/tdp\/#organization\",\"name\":\"Gruber-TDP\",\"url\":\"https:\/\/www.gruber.cz\/tdp\/\",\"logo\":{\"@type\":\"ImageObject\",\"inLanguage\":\"cs\",\"@id\":\"https:\/\/www.gruber.cz\/tdp\/#\/schema\/logo\/image\/\",\"url\":\"https:\/\/www.gruber.cz\/tdp\/wp-content\/uploads\/2017\/03\/cropped-DG2s.jpg\",\"contentUrl\":\"https:\/\/www.gruber.cz\/tdp\/wp-content\/uploads\/2017\/03\/cropped-DG2s.jpg\",\"width\":512,\"height\":512,\"caption\":\"Gruber-TDP\"},\"image\":{\"@id\":\"https:\/\/www.gruber.cz\/tdp\/#\/schema\/logo\/image\/\"},\"sameAs\":[\"https:\/\/www.facebook.com\/gruber.cz\/\",\"https:\/\/www.youtube.com\/user\/GruberTDP\"]}]}<\/script>\n<!-- \/ Yoast SEO plugin. -->","yoast_head_json":{"title":"Seznam knih a kurz\u016f - David Gruber","robots":{"index":"index","follow":"follow","max-snippet":"max-snippet:-1","max-image-preview":"max-image-preview:large","max-video-preview":"max-video-preview:-1"},"canonical":"https:\/\/www.gruber.cz\/tdp\/o-nas\/seznam-knih-a-kurzu\/","og_locale":"cs_CZ","og_type":"article","og_title":"Seznam knih a kurz\u016f - David Gruber","og_description":"Seznam knih: Dohromady se s minim\u00e1ln\u00ed reklamou (tedy hlavn\u011b na z\u00e1klad\u011b \u00fastn\u00edch ohlas\u016f \u017e\u00e1k\u016f kurz\u016f a \u010dten\u00e1\u0159\u016f \u010dasopiseck\u00fdch \u010dl\u00e1nk\u016f a jin\u00fdch knih Davida Grubera a div\u00e1k\u016f jeho televizn\u00edch seri\u00e1l\u016f) prodalo asi jeden milion a sto tis\u00edc v\u00fdtisk\u016f knih, e-knih, audioknih a videoknih. Od prvn\u00ed poloviny devades\u00e1t\u00fdch let \u010dten\u00e1\u0159i hlavn\u011b oce\u0148ovali &#8211; \u017ee David Gruber d\u00edky&hellip;Continue","og_url":"https:\/\/www.gruber.cz\/tdp\/o-nas\/seznam-knih-a-kurzu\/","og_site_name":"David Gruber","article_publisher":"https:\/\/www.facebook.com\/gruber.cz\/","og_image":[{"width":1000,"height":1209,"url":"https:\/\/www.gruber.cz\/tdp\/wp-content\/uploads\/2017\/04\/seznamknih2.png","type":"image\/png"}],"twitter_card":"summary_large_image","twitter_misc":{"Odhadovan\u00e1 doba \u010dten\u00ed":"2 minuty"},"schema":{"@context":"https:\/\/schema.org","@graph":[{"@type":"WebPage","@id":"https:\/\/www.gruber.cz\/tdp\/o-nas\/seznam-knih-a-kurzu\/","url":"https:\/\/www.gruber.cz\/tdp\/o-nas\/seznam-knih-a-kurzu\/","name":"Seznam knih a kurz\u016f - David Gruber","isPartOf":{"@id":"https:\/\/www.gruber.cz\/tdp\/#website"},"primaryImageOfPage":{"@id":"https:\/\/www.gruber.cz\/tdp\/o-nas\/seznam-knih-a-kurzu\/#primaryimage"},"image":{"@id":"https:\/\/www.gruber.cz\/tdp\/o-nas\/seznam-knih-a-kurzu\/#primaryimage"},"thumbnailUrl":"http:\/\/www.gruber.cz\/tdp\/wp-content\/uploads\/2017\/04\/seznamknih2-248x300.png","datePublished":"2017-04-21T11:48:11+00:00","breadcrumb":{"@id":"https:\/\/www.gruber.cz\/tdp\/o-nas\/seznam-knih-a-kurzu\/#breadcrumb"},"inLanguage":"cs","potentialAction":[{"@type":"ReadAction","target":["https:\/\/www.gruber.cz\/tdp\/o-nas\/seznam-knih-a-kurzu\/"]}]},{"@type":"ImageObject","inLanguage":"cs","@id":"https:\/\/www.gruber.cz\/tdp\/o-nas\/seznam-knih-a-kurzu\/#primaryimage","url":"http:\/\/www.gruber.cz\/tdp\/wp-content\/uploads\/2017\/04\/seznamknih2-248x300.png","contentUrl":"http:\/\/www.gruber.cz\/tdp\/wp-content\/uploads\/2017\/04\/seznamknih2-248x300.png"},{"@type":"BreadcrumbList","@id":"https:\/\/www.gruber.cz\/tdp\/o-nas\/seznam-knih-a-kurzu\/#breadcrumb","itemListElement":[{"@type":"ListItem","position":1,"name":"Dom\u016f","item":"https:\/\/www.gruber.cz\/tdp\/"},{"@type":"ListItem","position":2,"name":"o n\u00e1s","item":"https:\/\/www.gruber.cz\/tdp\/o-nas\/"},{"@type":"ListItem","position":3,"name":"Seznam knih a kurz\u016f"}]},{"@type":"WebSite","@id":"https:\/\/www.gruber.cz\/tdp\/#website","url":"https:\/\/www.gruber.cz\/tdp\/","name":"David Gruber","description":"Techniky du&scaron;evn&iacute; pr&aacute;ce","publisher":{"@id":"https:\/\/www.gruber.cz\/tdp\/#organization"},"potentialAction":[{"@type":"SearchAction","target":{"@type":"EntryPoint","urlTemplate":"https:\/\/www.gruber.cz\/tdp\/?s={search_term_string}"},"query-input":{"@type":"PropertyValueSpecification","valueRequired":true,"valueName":"search_term_string"}}],"inLanguage":"cs"},{"@type":"Organization","@id":"https:\/\/www.gruber.cz\/tdp\/#organization","name":"Gruber-TDP","url":"https:\/\/www.gruber.cz\/tdp\/","logo":{"@type":"ImageObject","inLanguage":"cs","@id":"https:\/\/www.gruber.cz\/tdp\/#\/schema\/logo\/image\/","url":"https:\/\/www.gruber.cz\/tdp\/wp-content\/uploads\/2017\/03\/cropped-DG2s.jpg","contentUrl":"https:\/\/www.gruber.cz\/tdp\/wp-content\/uploads\/2017\/03\/cropped-DG2s.jpg","width":512,"height":512,"caption":"Gruber-TDP"},"image":{"@id":"https:\/\/www.gruber.cz\/tdp\/#\/schema\/logo\/image\/"},"sameAs":["https:\/\/www.facebook.com\/gruber.cz\/","https:\/\/www.youtube.com\/user\/GruberTDP"]}]}},"_links":{"self":[{"href":"https:\/\/www.gruber.cz\/tdp\/wp-json\/wp\/v2\/pages\/80","targetHints":{"allow":["GET"]}}],"collection":[{"href":"https:\/\/www.gruber.cz\/tdp\/wp-json\/wp\/v2\/pages"}],"about":[{"href":"https:\/\/www.gruber.cz\/tdp\/wp-json\/wp\/v2\/types\/page"}],"author":[{"embeddable":true,"href":"https:\/\/www.gruber.cz\/tdp\/wp-json\/wp\/v2\/users\/1"}],"replies":[{"embeddable":true,"href":"https:\/\/www.gruber.cz\/tdp\/wp-json\/wp\/v2\/comments?post=80"}],"version-history":[{"count":1,"href":"https:\/\/www.gruber.cz\/tdp\/wp-json\/wp\/v2\/pages\/80\/revisions"}],"predecessor-version":[{"id":83,"href":"https:\/\/www.gruber.cz\/tdp\/wp-json\/wp\/v2\/pages\/80\/revisions\/83"}],"up":[{"embeddable":true,"href":"https:\/\/www.gruber.cz\/tdp\/wp-json\/wp\/v2\/pages\/13"}],"wp:attachment":[{"href":"https:\/\/www.gruber.cz\/tdp\/wp-json\/wp\/v2\/media?parent=80"}],"curies":[{"name":"wp","href":"https:\/\/api.w.org\/{rel}","templated":true}]}}