{"id":257,"date":"2018-02-18T23:21:29","date_gmt":"2018-02-18T23:21:29","guid":{"rendered":"http:\/\/www.gruber.cz\/tdp\/?page_id=257"},"modified":"2018-02-18T23:21:41","modified_gmt":"2018-02-18T23:21:41","slug":"internetove-clanky","status":"publish","type":"page","link":"https:\/\/www.gruber.cz\/tdp\/o-nas\/internetove-clanky\/","title":{"rendered":"Internetov\u00e9 \u010dl\u00e1nky"},"content":{"rendered":"<h2><em><strong>P\u0159\u00edklady odkaz\u016f na internetov\u00e9 \u010dl\u00e1nky 2000 &#8211; dosud<\/strong><\/em><\/h2>\n<p><strong>Roky vzniku neuv\u00e1d\u00edme, jedn\u00e1 se v\u00a0drtiv\u00e9 v\u011bt\u0161in\u011b p\u0159\u00edpad\u016f o data po roce 2000 v\u010detn\u011b doby velmi ned\u00e1vn\u00e9. \u010cl\u00e1nky jsou nad\u010dasov\u00e9, s\u00a0trvalou platnost\u00ed.<\/strong><\/p>\n<p><a href=\"http:\/\/gruber.blog.idnes.cz\" target=\"_blank\" rel=\"noopener\">gruber.blog.idnes.cz<\/a> &#8230; Do roku 2018 celkem 230 \u010dl\u00e1nk\u016f, celkov\u00e1 \u010dtenost p\u0159es 563 tis\u00edc p\u0159e\u010dten\u00ed, \u010dasto vysok\u00e1 a n\u011bkdy i velmi vysok\u00e1 karma.<br \/>\n<strong>blogy o Davidu Gruberovi:<\/strong><br \/>\nlunacek.blog.idnes.cz<br \/>\npribanova.blog.idnes.cz<br \/>\njanhora.blog.idnes.cz<br \/>\nkonopa.blog.idnes.cz<br \/>\ntomasbartak.blog.idnes.cz<br \/>\naj.<\/p>\n<p><strong>David Gruber v\u00a0po\u0159adu Jana Krause:<\/strong><br \/>\nhttp:\/\/www.ceskatelevize.cz\/porady\/1176221164-uvolnete-se-prosim\/208522161800010\/?vso=video&#038;rok=2008<br \/>\n<iframe loading=\"lazy\" width=\"1140\" height=\"641\" src=\"https:\/\/www.youtube.com\/embed\/4OEU4W0Uu5U?feature=oembed\" frameborder=\"0\" allow=\"autoplay; encrypted-media\" allowfullscreen><\/iframe><br \/>\n<iframe loading=\"lazy\" width=\"1140\" height=\"855\" src=\"https:\/\/www.youtube.com\/embed\/aVAohtvwn68?feature=oembed\" frameborder=\"0\" allow=\"autoplay; encrypted-media\" allowfullscreen><\/iframe><\/p>\n<p><strong>David Gruber &#8211; vize internetu z\u00a0roku 1986:<\/strong><br \/>\nhttp:\/\/www.stream.cz\/uservideo\/506032-vize-o-internetu-david-gruber-predvida-internet-a-maily-uz-v-roce-1986<br \/>\n<iframe loading=\"lazy\" width=\"1140\" height=\"855\" src=\"https:\/\/www.youtube.com\/embed\/gyj5VwXSJ8M?feature=oembed\" frameborder=\"0\" allow=\"autoplay; encrypted-media\" allowfullscreen><\/iframe><br \/>\nna t\u00e9to a dal\u0161\u00edch URL celkem v\u00edce ne\u017e 300 tis\u00edc shl\u00e9dnut\u00ed<br \/>\nhttp:\/\/www.latrine.cz\/den-kdy-jsme-si-poprve-stahli<\/p>\n<p><strong>David Gruber \u2013 mistr rychlo\u010dten\u00ed<\/strong><br \/>\n<iframe loading=\"lazy\" width=\"1140\" height=\"641\" src=\"https:\/\/www.youtube.com\/embed\/NUAo8tPsvog?feature=oembed\" frameborder=\"0\" allow=\"autoplay; encrypted-media\" allowfullscreen><\/iframe><br \/>\nhttp:\/\/www.rozhlas.cz\/default\/default\/rnp-player-2.php?id=2329462&#038;drm<br \/>\nhttp:\/\/www.novinky.cz\/zena\/styl\/231087-na-cas-se-da-vyzrat-ale-musi-se-to-umet.html<\/p>\n<p><strong>Martin Holc\u00e1t od D. Gruberovi<\/strong><br \/>\n<iframe loading=\"lazy\" width=\"1140\" height=\"641\" src=\"https:\/\/www.youtube.com\/embed\/2x7oC-j8-kA?feature=oembed\" frameborder=\"0\" allow=\"autoplay; encrypted-media\" allowfullscreen><\/iframe><\/p>\n<p><strong>recenze Zlat\u00e9 knihy komunikace:<\/strong><br \/>\nhttp:\/\/www.dfens-cz.com\/view.php?cisloclanku=2011053101<\/p>\n<p><strong>Dobrozd\u00e1n\u00ed prof. PhDr. Vladim\u00edra Sm\u00e9kala, CSc. <em>(z\u00e1sadn\u00ed text)<\/em><\/strong><br \/>\nhttp:\/\/www.gruber.cz\/static\/expertizaS.htm<\/p>\n<p><strong>Reflex 2014 o vizi internetu 1986:<\/strong><br \/>\nhttp:\/\/www.reflex.cz\/clanek\/video\/58546\/vypadlo-z-archivu-jak-cesi-videli-internet-v-roce-1986.html<\/p>\n<p><strong>Rozhovor v\u00a0Echo24<\/strong><br \/>\nhttp:\/\/echo24.cz\/a\/iBkVt\/neumite-anglicky-vratte-dve-tretiny-platu-rika-propagator-rychlocteni<\/p>\n<p><strong>Soumrak st\u00e1tu na Prav\u00e9m prostoru \u2013 <em>z\u00e1sadn\u00ed text<\/em><\/strong><br \/>\nhttp:\/\/pravyprostor.cz\/soumrak-statu-iii\/<br \/>\nhttp:\/\/pravyprostor.cz\/soumrak-statu-ii\/<br \/>\nhttp:\/\/pravyprostor.cz\/soumrak-statu-i\/<\/p>\n<p><strong>Rozhovor v\u00a0Knihcentru se Sandrou Proch\u00e1zkovou 2018<\/strong><br \/>\n<iframe loading=\"lazy\" width=\"1140\" height=\"641\" src=\"https:\/\/www.youtube.com\/embed\/cD-TW3mSsgA?feature=oembed\" frameborder=\"0\" allow=\"autoplay; encrypted-media\" allowfullscreen><\/iframe><\/p>\n","protected":false},"excerpt":{"rendered":"<p>P\u0159\u00edklady odkaz\u016f na internetov\u00e9 \u010dl\u00e1nky 2000 &#8211; dosud Roky vzniku neuv\u00e1d\u00edme, jedn\u00e1 se v\u00a0drtiv\u00e9 v\u011bt\u0161in\u011b p\u0159\u00edpad\u016f o data po roce 2000 v\u010detn\u011b doby velmi ned\u00e1vn\u00e9. \u010cl\u00e1nky jsou nad\u010dasov\u00e9, s\u00a0trvalou platnost\u00ed. gruber.blog.idnes.cz &#8230; Do roku 2018 celkem 230 \u010dl\u00e1nk\u016f, celkov\u00e1 \u010dtenost p\u0159es 563 tis\u00edc p\u0159e\u010dten\u00ed, \u010dasto vysok\u00e1 a n\u011bkdy i velmi vysok\u00e1 karma. blogy o Davidu&hellip;<\/p>\n<p class=\"more-link-wrapper\"><a class=\"more-link\" href=\"https:\/\/www.gruber.cz\/tdp\/o-nas\/internetove-clanky\/\">Continue<\/a><\/p>\n","protected":false},"author":3,"featured_media":0,"parent":13,"menu_order":0,"comment_status":"closed","ping_status":"closed","template":"","meta":{"footnotes":""},"class_list":["post-257","page","type-page","status-publish","hentry"],"yoast_head":"<!-- This site is optimized with the Yoast SEO plugin v25.5 - https:\/\/yoast.com\/wordpress\/plugins\/seo\/ -->\n<title>Internetov\u00e9 \u010dl\u00e1nky - David Gruber<\/title>\n<meta name=\"robots\" content=\"index, follow, max-snippet:-1, max-image-preview:large, max-video-preview:-1\" \/>\n<link rel=\"canonical\" href=\"https:\/\/www.gruber.cz\/tdp\/o-nas\/internetove-clanky\/\" \/>\n<meta property=\"og:locale\" content=\"cs_CZ\" \/>\n<meta property=\"og:type\" content=\"article\" \/>\n<meta property=\"og:title\" content=\"Internetov\u00e9 \u010dl\u00e1nky - David Gruber\" \/>\n<meta property=\"og:description\" content=\"P\u0159\u00edklady odkaz\u016f na internetov\u00e9 \u010dl\u00e1nky 2000 &#8211; dosud Roky vzniku neuv\u00e1d\u00edme, jedn\u00e1 se v\u00a0drtiv\u00e9 v\u011bt\u0161in\u011b p\u0159\u00edpad\u016f o data po roce 2000 v\u010detn\u011b doby velmi ned\u00e1vn\u00e9. \u010cl\u00e1nky jsou nad\u010dasov\u00e9, s\u00a0trvalou platnost\u00ed. gruber.blog.idnes.cz &#8230; Do roku 2018 celkem 230 \u010dl\u00e1nk\u016f, celkov\u00e1 \u010dtenost p\u0159es 563 tis\u00edc p\u0159e\u010dten\u00ed, \u010dasto vysok\u00e1 a n\u011bkdy i velmi vysok\u00e1 karma. blogy o Davidu&hellip;Continue\" \/>\n<meta property=\"og:url\" content=\"https:\/\/www.gruber.cz\/tdp\/o-nas\/internetove-clanky\/\" \/>\n<meta property=\"og:site_name\" content=\"David Gruber\" \/>\n<meta property=\"article:publisher\" content=\"https:\/\/www.facebook.com\/gruber.cz\/\" \/>\n<meta property=\"article:modified_time\" content=\"2018-02-18T23:21:41+00:00\" \/>\n<meta name=\"twitter:card\" content=\"summary_large_image\" \/>\n<meta name=\"twitter:label1\" content=\"Odhadovan\u00e1 doba \u010dten\u00ed\" \/>\n\t<meta name=\"twitter:data1\" content=\"2 minuty\" \/>\n<script type=\"application\/ld+json\" class=\"yoast-schema-graph\">{\"@context\":\"https:\/\/schema.org\",\"@graph\":[{\"@type\":\"WebPage\",\"@id\":\"https:\/\/www.gruber.cz\/tdp\/o-nas\/internetove-clanky\/\",\"url\":\"https:\/\/www.gruber.cz\/tdp\/o-nas\/internetove-clanky\/\",\"name\":\"Internetov\u00e9 \u010dl\u00e1nky - David Gruber\",\"isPartOf\":{\"@id\":\"https:\/\/www.gruber.cz\/tdp\/#website\"},\"datePublished\":\"2018-02-18T23:21:29+00:00\",\"dateModified\":\"2018-02-18T23:21:41+00:00\",\"breadcrumb\":{\"@id\":\"https:\/\/www.gruber.cz\/tdp\/o-nas\/internetove-clanky\/#breadcrumb\"},\"inLanguage\":\"cs\",\"potentialAction\":[{\"@type\":\"ReadAction\",\"target\":[\"https:\/\/www.gruber.cz\/tdp\/o-nas\/internetove-clanky\/\"]}]},{\"@type\":\"BreadcrumbList\",\"@id\":\"https:\/\/www.gruber.cz\/tdp\/o-nas\/internetove-clanky\/#breadcrumb\",\"itemListElement\":[{\"@type\":\"ListItem\",\"position\":1,\"name\":\"Dom\u016f\",\"item\":\"https:\/\/www.gruber.cz\/tdp\/\"},{\"@type\":\"ListItem\",\"position\":2,\"name\":\"o n\u00e1s\",\"item\":\"https:\/\/www.gruber.cz\/tdp\/o-nas\/\"},{\"@type\":\"ListItem\",\"position\":3,\"name\":\"Internetov\u00e9 \u010dl\u00e1nky\"}]},{\"@type\":\"WebSite\",\"@id\":\"https:\/\/www.gruber.cz\/tdp\/#website\",\"url\":\"https:\/\/www.gruber.cz\/tdp\/\",\"name\":\"David Gruber\",\"description\":\"Techniky du&scaron;evn&iacute; pr&aacute;ce\",\"publisher\":{\"@id\":\"https:\/\/www.gruber.cz\/tdp\/#organization\"},\"potentialAction\":[{\"@type\":\"SearchAction\",\"target\":{\"@type\":\"EntryPoint\",\"urlTemplate\":\"https:\/\/www.gruber.cz\/tdp\/?s={search_term_string}\"},\"query-input\":{\"@type\":\"PropertyValueSpecification\",\"valueRequired\":true,\"valueName\":\"search_term_string\"}}],\"inLanguage\":\"cs\"},{\"@type\":\"Organization\",\"@id\":\"https:\/\/www.gruber.cz\/tdp\/#organization\",\"name\":\"Gruber-TDP\",\"url\":\"https:\/\/www.gruber.cz\/tdp\/\",\"logo\":{\"@type\":\"ImageObject\",\"inLanguage\":\"cs\",\"@id\":\"https:\/\/www.gruber.cz\/tdp\/#\/schema\/logo\/image\/\",\"url\":\"https:\/\/www.gruber.cz\/tdp\/wp-content\/uploads\/2017\/03\/cropped-DG2s.jpg\",\"contentUrl\":\"https:\/\/www.gruber.cz\/tdp\/wp-content\/uploads\/2017\/03\/cropped-DG2s.jpg\",\"width\":512,\"height\":512,\"caption\":\"Gruber-TDP\"},\"image\":{\"@id\":\"https:\/\/www.gruber.cz\/tdp\/#\/schema\/logo\/image\/\"},\"sameAs\":[\"https:\/\/www.facebook.com\/gruber.cz\/\",\"https:\/\/www.youtube.com\/user\/GruberTDP\"]}]}<\/script>\n<!-- \/ Yoast SEO plugin. -->","yoast_head_json":{"title":"Internetov\u00e9 \u010dl\u00e1nky - David Gruber","robots":{"index":"index","follow":"follow","max-snippet":"max-snippet:-1","max-image-preview":"max-image-preview:large","max-video-preview":"max-video-preview:-1"},"canonical":"https:\/\/www.gruber.cz\/tdp\/o-nas\/internetove-clanky\/","og_locale":"cs_CZ","og_type":"article","og_title":"Internetov\u00e9 \u010dl\u00e1nky - David Gruber","og_description":"P\u0159\u00edklady odkaz\u016f na internetov\u00e9 \u010dl\u00e1nky 2000 &#8211; dosud Roky vzniku neuv\u00e1d\u00edme, jedn\u00e1 se v\u00a0drtiv\u00e9 v\u011bt\u0161in\u011b p\u0159\u00edpad\u016f o data po roce 2000 v\u010detn\u011b doby velmi ned\u00e1vn\u00e9. \u010cl\u00e1nky jsou nad\u010dasov\u00e9, s\u00a0trvalou platnost\u00ed. gruber.blog.idnes.cz &#8230; Do roku 2018 celkem 230 \u010dl\u00e1nk\u016f, celkov\u00e1 \u010dtenost p\u0159es 563 tis\u00edc p\u0159e\u010dten\u00ed, \u010dasto vysok\u00e1 a n\u011bkdy i velmi vysok\u00e1 karma. blogy o Davidu&hellip;Continue","og_url":"https:\/\/www.gruber.cz\/tdp\/o-nas\/internetove-clanky\/","og_site_name":"David Gruber","article_publisher":"https:\/\/www.facebook.com\/gruber.cz\/","article_modified_time":"2018-02-18T23:21:41+00:00","twitter_card":"summary_large_image","twitter_misc":{"Odhadovan\u00e1 doba \u010dten\u00ed":"2 minuty"},"schema":{"@context":"https:\/\/schema.org","@graph":[{"@type":"WebPage","@id":"https:\/\/www.gruber.cz\/tdp\/o-nas\/internetove-clanky\/","url":"https:\/\/www.gruber.cz\/tdp\/o-nas\/internetove-clanky\/","name":"Internetov\u00e9 \u010dl\u00e1nky - David Gruber","isPartOf":{"@id":"https:\/\/www.gruber.cz\/tdp\/#website"},"datePublished":"2018-02-18T23:21:29+00:00","dateModified":"2018-02-18T23:21:41+00:00","breadcrumb":{"@id":"https:\/\/www.gruber.cz\/tdp\/o-nas\/internetove-clanky\/#breadcrumb"},"inLanguage":"cs","potentialAction":[{"@type":"ReadAction","target":["https:\/\/www.gruber.cz\/tdp\/o-nas\/internetove-clanky\/"]}]},{"@type":"BreadcrumbList","@id":"https:\/\/www.gruber.cz\/tdp\/o-nas\/internetove-clanky\/#breadcrumb","itemListElement":[{"@type":"ListItem","position":1,"name":"Dom\u016f","item":"https:\/\/www.gruber.cz\/tdp\/"},{"@type":"ListItem","position":2,"name":"o n\u00e1s","item":"https:\/\/www.gruber.cz\/tdp\/o-nas\/"},{"@type":"ListItem","position":3,"name":"Internetov\u00e9 \u010dl\u00e1nky"}]},{"@type":"WebSite","@id":"https:\/\/www.gruber.cz\/tdp\/#website","url":"https:\/\/www.gruber.cz\/tdp\/","name":"David Gruber","description":"Techniky du&scaron;evn&iacute; pr&aacute;ce","publisher":{"@id":"https:\/\/www.gruber.cz\/tdp\/#organization"},"potentialAction":[{"@type":"SearchAction","target":{"@type":"EntryPoint","urlTemplate":"https:\/\/www.gruber.cz\/tdp\/?s={search_term_string}"},"query-input":{"@type":"PropertyValueSpecification","valueRequired":true,"valueName":"search_term_string"}}],"inLanguage":"cs"},{"@type":"Organization","@id":"https:\/\/www.gruber.cz\/tdp\/#organization","name":"Gruber-TDP","url":"https:\/\/www.gruber.cz\/tdp\/","logo":{"@type":"ImageObject","inLanguage":"cs","@id":"https:\/\/www.gruber.cz\/tdp\/#\/schema\/logo\/image\/","url":"https:\/\/www.gruber.cz\/tdp\/wp-content\/uploads\/2017\/03\/cropped-DG2s.jpg","contentUrl":"https:\/\/www.gruber.cz\/tdp\/wp-content\/uploads\/2017\/03\/cropped-DG2s.jpg","width":512,"height":512,"caption":"Gruber-TDP"},"image":{"@id":"https:\/\/www.gruber.cz\/tdp\/#\/schema\/logo\/image\/"},"sameAs":["https:\/\/www.facebook.com\/gruber.cz\/","https:\/\/www.youtube.com\/user\/GruberTDP"]}]}},"_links":{"self":[{"href":"https:\/\/www.gruber.cz\/tdp\/wp-json\/wp\/v2\/pages\/257","targetHints":{"allow":["GET"]}}],"collection":[{"href":"https:\/\/www.gruber.cz\/tdp\/wp-json\/wp\/v2\/pages"}],"about":[{"href":"https:\/\/www.gruber.cz\/tdp\/wp-json\/wp\/v2\/types\/page"}],"author":[{"embeddable":true,"href":"https:\/\/www.gruber.cz\/tdp\/wp-json\/wp\/v2\/users\/3"}],"replies":[{"embeddable":true,"href":"https:\/\/www.gruber.cz\/tdp\/wp-json\/wp\/v2\/comments?post=257"}],"version-history":[{"count":1,"href":"https:\/\/www.gruber.cz\/tdp\/wp-json\/wp\/v2\/pages\/257\/revisions"}],"predecessor-version":[{"id":276,"href":"https:\/\/www.gruber.cz\/tdp\/wp-json\/wp\/v2\/pages\/257\/revisions\/276"}],"up":[{"embeddable":true,"href":"https:\/\/www.gruber.cz\/tdp\/wp-json\/wp\/v2\/pages\/13"}],"wp:attachment":[{"href":"https:\/\/www.gruber.cz\/tdp\/wp-json\/wp\/v2\/media?parent=257"}],"curies":[{"name":"wp","href":"https:\/\/api.w.org\/{rel}","templated":true}]}}