{"id":15,"date":"2017-01-23T06:09:46","date_gmt":"2017-01-23T06:09:46","guid":{"rendered":"http:\/\/www.gruber.cz\/tdp\/?page_id=15"},"modified":"2017-05-11T08:22:08","modified_gmt":"2017-05-11T08:22:08","slug":"cim-se-lisime","status":"publish","type":"page","link":"https:\/\/www.gruber.cz\/tdp\/o-nas\/cim-se-lisime\/","title":{"rendered":"\u010c\u00edm se li\u0161\u00edme"},"content":{"rendered":"<p class=\"western\">Viz tak\u00e9 <a href=\"http:\/\/www.gruber.cz\/tdp\/psychovzorce\/\" target=\"_blank\" rel=\"noopener noreferrer\">Psychovzorce<\/a> .<\/p>\n<p class=\"western\">N\u00e1sleduj\u00edc\u00ed text je d\u016fle\u017eitou slu\u017ebou v\u00e1m, z\u00e1jemc\u016fm o kurzy. Situace ve vzd\u011bl\u00e1v\u00e1n\u00ed dosp\u011bl\u00fdch se zd\u00e1 b\u00fdt nep\u0159ehledn\u00e1, slo\u017eit\u00e1. \u010casto c\u00edt\u00edte, \u017ee v\u00a0tom p\u0159ekypuj\u00edc\u00edm mno\u017estv\u00ed se nach\u00e1zej\u00ed u\u017eite\u010dn\u00e1, ba nezbytn\u00e1 zlat\u00e1 zrna skv\u011bl\u00e9ho know-how, ale vn\u00edm\u00e1te taky cel\u00fd ten zlatokopeck\u00fd Klondike s\u00a0\u0159adou podvodn\u00edk\u016f, p\u0159edst\u00edra\u010d\u016f a lid\u00ed i agentur mysl\u00edc\u00edch na vypr\u00e1zdn\u011bn\u00ed va\u0161ich kapes desetkr\u00e1t v\u00edce ne\u017e by bylo \u00fam\u011brn\u00e9 tomu, co v\u00e1m za to nab\u00edzej\u00ed. Rozli\u010dn\u00e9 nab\u00eddky a weby nab\u00edzitel\u016f v\u00e1s bombarduj\u00ed t\u00e9m\u011b\u0159 denn\u011b. Mnoh\u00e9 se tv\u00e1\u0159\u00ed n\u00e1dhern\u011b, barevn\u011b, k\u0159\u00eddov\u011b, imid\u017eov\u011b. Holt \u2013 p\u011bkn\u011b v\u00e1m zp\u00edvaj\u00ed hlavn\u011b ti, kdo v\u00e1s nejkrut\u011bji lapaj\u00ed. Spol\u00e9haj\u00ed na va\u0161i zmatenost, na dezorientaci z\u00a0toho v\u0161eho, na s\u00e1hnut\u00ed po tom nejbli\u017e\u0161\u00edm, nejdot\u011brn\u011bj\u0161\u00edm, kdy\u017e u\u017e tedy n\u011bjak\u00e9 vzd\u011bl\u00e1n\u00ed mus\u00ed b\u00fdt. Pozd\u011b pak litovat, kdy\u017e u\u017e je to za v\u00e1mi \u2013 a c\u00edt\u00edte, \u017ee to jaksi nebylo v\u016fbec ono.<\/p>\n<p class=\"western\">Ale ono je to v\u0161echno tak jednoduch\u00e9! Tak prost\u00e9, tak p\u0159ehledn\u00e9! \u010ct\u011bte d\u00e1l \u2013 je v\u00e1m to vysv\u011btleno opravdu n\u00e1zorn\u011b.<\/p>\n<p><span style=\"font-size: x-large;\"><b>U\u017eitek pro absolventy kurz\u016f a \u010dten\u00e1\u0159e knih Davida Grubera je troj\u00ed:<\/b><\/span><\/p>\n<ol>\n<li>\n<p class=\"western\">velk\u00fd \u2013 d\u00edky Gruberov\u011b odborn\u00e9 erudici a <b>lektorstv\u00ed<\/b>,<\/p>\n<\/li>\n<li>\n<p class=\"western\">v\u011bt\u0161\u00ed \u2013 d\u00edky Gruberov\u011b kreativit\u011b a <b>autorstv\u00ed<\/b>,<\/p>\n<\/li>\n<li>\n<p class=\"western\">nejv\u011bt\u0161\u00ed \u2013 d\u00edky Gruberov\u011b celo\u017eivotn\u00ed <b>tradici a renom\u00e9<\/b>\u2026<\/p>\n<\/li>\n<\/ol>\n<p><b>Lektorstv\u00ed:<br \/>\n<\/b>Je pro v\u00e1s p\u0159\u00edjemn\u00e9, \u017ee David Gruber m\u00e1 v\u00edce ne\u017e t\u0159i roky n\u00e1skok p\u0159ed druh\u00fdm slu\u017eebn\u011b nejzku\u0161en\u011bj\u0161\u00edm soukrom\u00fdm lektorem a kou\u010dem v\u00a0na\u0161\u00ed zemi. Teprve v\u00edce ne\u017e 500 j\u00edm osobn\u011b odu\u010den\u00fdch kurz\u016f v\u00e1m \u017e\u00e1k\u016fm d\u00e1 spolehlivou jistotu, \u017ee ka\u017edou relevantn\u00ed komunika\u010dn\u00ed \u010di studijn\u00ed situaci za\u017eil na vlastn\u00ed k\u016f\u017ei u\u017e tolikr\u00e1t, \u017ee jej nezasko\u010d\u00ed \u017e\u00e1dn\u00fd v\u00e1\u0161 probl\u00e9m, \u017e\u00e1dn\u00fd v\u00e1\u0161 konkr\u00e9tn\u00ed dotaz. Bu\u010f v\u00e1\u0161 probl\u00e9m svou odpov\u011bd\u00ed vy\u0159e\u0161\u00ed, anebo v\u00e1s postav\u00ed na pevnou zem s\u00a0t\u00edm, \u017ee ide\u00e1ln\u00ed \u0159e\u0161en\u00ed neexistuje a \u017ee re\u00e1ln\u00e9 optimum v\u00a0dan\u00e9 situaci je to a to. Nezaml\u010d\u00ed v\u00e1m nic podstatn\u00e9ho z\u00a0d\u016fvodu nev\u011bdomosti a nezku\u0161enosti. Ale tak\u00e9 v\u00e1m nemaluje vzdu\u0161n\u00e9 z\u00e1mky jako t\u0159eba jin\u00ed, m\u00e9n\u011b zku\u0161en\u00ed, kte\u0159\u00ed se v\u00e1m cht\u011bj\u00ed pouze moment\u00e1ln\u011b zal\u00edbit a nepro\u017eili si na vlastn\u00ed k\u016f\u017ei, \u017ee dan\u00fd probl\u00e9m ide\u00e1ln\u011b vy\u0159e\u0161it nelze.<\/p>\n<p class=\"western\"><b>Autorstv\u00ed:<br \/>\n<\/b>Autor je pr\u00e1v\u011b ten \u010dlov\u011bk, kter\u00fd kreativn\u011b vymysl\u00ed a p\u0159ijde na to, na co jin\u00ed p\u0159ed n\u00edm nep\u0159i\u0161li. Je to nam\u00e1hav\u00e9. Poctiv\u00fd autor si mus\u00ed nejd\u0159\u00edve osvojit v\u0161e podstatn\u00e9 z\u00a0toho, na co jeho p\u0159edch\u016fdci u\u017e p\u0159i\u0161li (aby neobjevoval objeven\u00e9). \u010casto jej to stoj\u00ed cel\u00fd \u017eivot. Ale pro v\u00e1s je to zase obrovsk\u00e1 v\u00fdhoda \u2013 nau\u010d\u00ed i to, co jin\u00fd nenau\u010d\u00ed. Nebo to nau\u010d\u00ed do lep\u0161\u00ed m\u00edry. L\u00e9pe v\u00ed, co v\u0161e lze nau\u010dit. A seri\u00f3zn\u011bji prozrad\u00ed, co t\u0159eba nau\u010dit nelze nebo nelze tak rychle a snadno, jak si to p\u0159edstavuj\u00ed m\u00e9n\u011b vzd\u011blan\u00ed.<\/p>\n<p class=\"western\">Nejvy\u0161\u0161\u00edm stupn\u011bm autorstv\u00ed je pak <b>zakladatelstv\u00ed<\/b>. Mo\u017en\u00e1 ka\u017ed\u00fd st\u00fd lektor je z\u00e1rove\u0148 autorem \u0159ady origin\u00e1ln\u00edch kn\u00ed\u017eek. Ale jen jedin\u00fd ze stovek autor\u016f je otcem-zakladatelem oboru. Prost\u011b jedni\u010dka, u\u010ditel prvn\u00ed volby.<\/p>\n<p class=\"western\">Zakladatelem oboru \u201etechniky du\u0161evn\u00ed pr\u00e1ce\u201c (tedy n\u011b\u010deho je\u0161t\u011b \u0161ir\u0161\u00edho a syst\u00e9mov\u011b uspo\u0159\u00e1dan\u011bj\u0161\u00edho ne\u017e je pouh\u00fd shluk soft skills) je David Gruber. P\u0159ipom\u00edn\u00e1me pro ty, kte\u0159\u00ed t\u0159eba i pracuj\u00ed v\u00a0oboru a nev\u011bd\u00ed to nebo necht\u011bj\u00ed v\u011bd\u011bt.<\/p>\n<p class=\"western\">David Gruber je takt\u00e9\u017e autorem, objevitelem, duchovn\u00edm otcem PSYCHOVZORC\u016e neboli multimetod . Psychovzorci neboli multimetodami je protk\u00e1n ka\u017ed\u00fd jeho kurz, a to jej \u010din\u00ed neopakovateln\u00fdm a pro v\u00e1s jedine\u010dn\u011b cenn\u00fdm.<\/p>\n<p class=\"western\">A v\u00fdhradn\u011b od Grubera jsou nap\u0159\u00edklad i tyto cel\u00e9 kurzy:<\/p>\n<ul>\n<li class=\"western\">Grubrovsk\u00e9 rychlo\u010dten\u00ed,<\/li>\n<li class=\"western\">Grubrovsk\u00e9 racion\u00e1ln\u00ed \u010dten\u00ed &#8211; tedy rychlo\u010dten\u00ed v\u010detn\u011b rychlostudia = zrychlen\u00e9ho u\u010den\u00ed a studov\u00e1n\u00ed, managementu informac\u00ed,<\/li>\n<li class=\"western\">Inteligentn\u00ed vn\u00edm\u00e1n\u00ed \u2013 tedy rychlo\u010dten\u00ed, racion\u00e1ln\u00ed \u010dten\u00ed, efektivn\u00ed vn\u00edm\u00e1n\u00ed \u010dehokoliv jak\u00fdmikoliv smysly \u010dlov\u011bka,<\/li>\n<li class=\"western\">Tis\u00edcero dovednost\u00ed komunikace,<\/li>\n<li class=\"western\">Koncentrace \u2013 pam\u011b\u0165 \u2013 tvo\u0159ivost \u2013 motivace,<\/li>\n<li class=\"western\">Time management fin\u00e1ln\u00ed generace.<\/li>\n<\/ul>\n<p class=\"western\"><b>Tradice a renom\u00e9:<br \/>\n<\/b>M\u00e1te-li doma obraz origin\u00e1l od Lady, Ale\u0161e, M\u00e1nesa, m\u016f\u017ee m\u00edt obdobn\u00e9 vzez\u0159en\u00ed, jak\u00e9 by dok\u00e1zal namalovat student prv\u00e9ho ro\u010dn\u00edku v\u00fdtvarn\u00e9 akademie. Cena nen\u00ed v\u00a0tom, zda na obrazu je louka, stromy nebo d\u00edvka v\u00a0kroji. Ale v\u00a0tom KDO je autorem. Absolvov\u00e1n\u00edm kter\u00e9hokoliv neopakovateln\u00e9ho Gruberova kurzu jste prost\u011b absolvent-grubrovec, \u010dlov\u011bk v\u00a0t\u00e9to zemi i st\u00e1le v\u00edce za jej\u00edmi hranicemi ct\u011bn\u00fd a v\u00e1\u017een\u00fd \u2013 u\u017e prost\u011b pro tu presti\u017e.<\/p>\n<p class=\"western\">Soukrom\u00e9 vzd\u011bl\u00e1v\u00e1n\u00ed nen\u00ed svou podstatou nic jin\u00e9ho ne\u017e sout\u011b\u017e, sout\u011b\u017e jako v\u00a0um\u011bn\u00ed, jako ve sportu. I kdy\u017e se u n\u00e1s po obdob\u00ed totality prosazuje jen postupn\u011b. A jako v\u00a0ka\u017ed\u00e9 sout\u011b\u017ei \u2013 sout\u011b\u017eitel\u016f je hodn\u011b, ale b\u00fdt div\u00e1kem, poslucha\u010dem, klientem toho zakl\u00e1daj\u00edc\u00edcho je prost\u011b n\u011bkolik des\u00edtek kr\u00e1t hodnotn\u011bj\u0161\u00ed ne\u017e u toho standardn\u00edho.<\/p>\n","protected":false},"excerpt":{"rendered":"<p>Viz tak\u00e9 Psychovzorce . N\u00e1sleduj\u00edc\u00ed text je d\u016fle\u017eitou slu\u017ebou v\u00e1m, z\u00e1jemc\u016fm o kurzy. Situace ve vzd\u011bl\u00e1v\u00e1n\u00ed dosp\u011bl\u00fdch se zd\u00e1 b\u00fdt nep\u0159ehledn\u00e1, slo\u017eit\u00e1. \u010casto c\u00edt\u00edte, \u017ee v\u00a0tom p\u0159ekypuj\u00edc\u00edm mno\u017estv\u00ed se nach\u00e1zej\u00ed u\u017eite\u010dn\u00e1, ba nezbytn\u00e1 zlat\u00e1 zrna skv\u011bl\u00e9ho know-how, ale vn\u00edm\u00e1te taky cel\u00fd ten zlatokopeck\u00fd Klondike s\u00a0\u0159adou podvodn\u00edk\u016f, p\u0159edst\u00edra\u010d\u016f a lid\u00ed i agentur mysl\u00edc\u00edch na vypr\u00e1zdn\u011bn\u00ed va\u0161ich&hellip;<\/p>\n<p class=\"more-link-wrapper\"><a class=\"more-link\" href=\"https:\/\/www.gruber.cz\/tdp\/o-nas\/cim-se-lisime\/\">Continue<\/a><\/p>\n","protected":false},"author":2,"featured_media":0,"parent":13,"menu_order":3,"comment_status":"closed","ping_status":"closed","template":"","meta":{"footnotes":""},"class_list":["post-15","page","type-page","status-publish","hentry"],"yoast_head":"<!-- This site is optimized with the Yoast SEO plugin v25.5 - https:\/\/yoast.com\/wordpress\/plugins\/seo\/ -->\n<title>\u010c\u00edm se li\u0161\u00edme - David Gruber<\/title>\n<meta name=\"robots\" content=\"index, follow, max-snippet:-1, max-image-preview:large, max-video-preview:-1\" \/>\n<link rel=\"canonical\" href=\"https:\/\/www.gruber.cz\/tdp\/o-nas\/cim-se-lisime\/\" \/>\n<meta property=\"og:locale\" content=\"cs_CZ\" \/>\n<meta property=\"og:type\" content=\"article\" \/>\n<meta property=\"og:title\" content=\"\u010c\u00edm se li\u0161\u00edme - David Gruber\" \/>\n<meta property=\"og:description\" content=\"Viz tak\u00e9 Psychovzorce . N\u00e1sleduj\u00edc\u00ed text je d\u016fle\u017eitou slu\u017ebou v\u00e1m, z\u00e1jemc\u016fm o kurzy. Situace ve vzd\u011bl\u00e1v\u00e1n\u00ed dosp\u011bl\u00fdch se zd\u00e1 b\u00fdt nep\u0159ehledn\u00e1, slo\u017eit\u00e1. \u010casto c\u00edt\u00edte, \u017ee v\u00a0tom p\u0159ekypuj\u00edc\u00edm mno\u017estv\u00ed se nach\u00e1zej\u00ed u\u017eite\u010dn\u00e1, ba nezbytn\u00e1 zlat\u00e1 zrna skv\u011bl\u00e9ho know-how, ale vn\u00edm\u00e1te taky cel\u00fd ten zlatokopeck\u00fd Klondike s\u00a0\u0159adou podvodn\u00edk\u016f, p\u0159edst\u00edra\u010d\u016f a lid\u00ed i agentur mysl\u00edc\u00edch na vypr\u00e1zdn\u011bn\u00ed va\u0161ich&hellip;Continue\" \/>\n<meta property=\"og:url\" content=\"https:\/\/www.gruber.cz\/tdp\/o-nas\/cim-se-lisime\/\" \/>\n<meta property=\"og:site_name\" content=\"David Gruber\" \/>\n<meta property=\"article:publisher\" content=\"https:\/\/www.facebook.com\/gruber.cz\/\" \/>\n<meta property=\"article:modified_time\" content=\"2017-05-11T08:22:08+00:00\" \/>\n<meta name=\"twitter:card\" content=\"summary_large_image\" \/>\n<meta name=\"twitter:label1\" content=\"Odhadovan\u00e1 doba \u010dten\u00ed\" \/>\n\t<meta name=\"twitter:data1\" content=\"5 minut\" \/>\n<script type=\"application\/ld+json\" class=\"yoast-schema-graph\">{\"@context\":\"https:\/\/schema.org\",\"@graph\":[{\"@type\":\"WebPage\",\"@id\":\"https:\/\/www.gruber.cz\/tdp\/o-nas\/cim-se-lisime\/\",\"url\":\"https:\/\/www.gruber.cz\/tdp\/o-nas\/cim-se-lisime\/\",\"name\":\"\u010c\u00edm se li\u0161\u00edme - David Gruber\",\"isPartOf\":{\"@id\":\"https:\/\/www.gruber.cz\/tdp\/#website\"},\"datePublished\":\"2017-01-23T06:09:46+00:00\",\"dateModified\":\"2017-05-11T08:22:08+00:00\",\"breadcrumb\":{\"@id\":\"https:\/\/www.gruber.cz\/tdp\/o-nas\/cim-se-lisime\/#breadcrumb\"},\"inLanguage\":\"cs\",\"potentialAction\":[{\"@type\":\"ReadAction\",\"target\":[\"https:\/\/www.gruber.cz\/tdp\/o-nas\/cim-se-lisime\/\"]}]},{\"@type\":\"BreadcrumbList\",\"@id\":\"https:\/\/www.gruber.cz\/tdp\/o-nas\/cim-se-lisime\/#breadcrumb\",\"itemListElement\":[{\"@type\":\"ListItem\",\"position\":1,\"name\":\"Dom\u016f\",\"item\":\"https:\/\/www.gruber.cz\/tdp\/\"},{\"@type\":\"ListItem\",\"position\":2,\"name\":\"o n\u00e1s\",\"item\":\"https:\/\/www.gruber.cz\/tdp\/o-nas\/\"},{\"@type\":\"ListItem\",\"position\":3,\"name\":\"\u010c\u00edm se li\u0161\u00edme\"}]},{\"@type\":\"WebSite\",\"@id\":\"https:\/\/www.gruber.cz\/tdp\/#website\",\"url\":\"https:\/\/www.gruber.cz\/tdp\/\",\"name\":\"David Gruber\",\"description\":\"Techniky du&scaron;evn&iacute; pr&aacute;ce\",\"publisher\":{\"@id\":\"https:\/\/www.gruber.cz\/tdp\/#organization\"},\"potentialAction\":[{\"@type\":\"SearchAction\",\"target\":{\"@type\":\"EntryPoint\",\"urlTemplate\":\"https:\/\/www.gruber.cz\/tdp\/?s={search_term_string}\"},\"query-input\":{\"@type\":\"PropertyValueSpecification\",\"valueRequired\":true,\"valueName\":\"search_term_string\"}}],\"inLanguage\":\"cs\"},{\"@type\":\"Organization\",\"@id\":\"https:\/\/www.gruber.cz\/tdp\/#organization\",\"name\":\"Gruber-TDP\",\"url\":\"https:\/\/www.gruber.cz\/tdp\/\",\"logo\":{\"@type\":\"ImageObject\",\"inLanguage\":\"cs\",\"@id\":\"https:\/\/www.gruber.cz\/tdp\/#\/schema\/logo\/image\/\",\"url\":\"https:\/\/www.gruber.cz\/tdp\/wp-content\/uploads\/2017\/03\/cropped-DG2s.jpg\",\"contentUrl\":\"https:\/\/www.gruber.cz\/tdp\/wp-content\/uploads\/2017\/03\/cropped-DG2s.jpg\",\"width\":512,\"height\":512,\"caption\":\"Gruber-TDP\"},\"image\":{\"@id\":\"https:\/\/www.gruber.cz\/tdp\/#\/schema\/logo\/image\/\"},\"sameAs\":[\"https:\/\/www.facebook.com\/gruber.cz\/\",\"https:\/\/www.youtube.com\/user\/GruberTDP\"]}]}<\/script>\n<!-- \/ Yoast SEO plugin. -->","yoast_head_json":{"title":"\u010c\u00edm se li\u0161\u00edme - David Gruber","robots":{"index":"index","follow":"follow","max-snippet":"max-snippet:-1","max-image-preview":"max-image-preview:large","max-video-preview":"max-video-preview:-1"},"canonical":"https:\/\/www.gruber.cz\/tdp\/o-nas\/cim-se-lisime\/","og_locale":"cs_CZ","og_type":"article","og_title":"\u010c\u00edm se li\u0161\u00edme - David Gruber","og_description":"Viz tak\u00e9 Psychovzorce . N\u00e1sleduj\u00edc\u00ed text je d\u016fle\u017eitou slu\u017ebou v\u00e1m, z\u00e1jemc\u016fm o kurzy. Situace ve vzd\u011bl\u00e1v\u00e1n\u00ed dosp\u011bl\u00fdch se zd\u00e1 b\u00fdt nep\u0159ehledn\u00e1, slo\u017eit\u00e1. \u010casto c\u00edt\u00edte, \u017ee v\u00a0tom p\u0159ekypuj\u00edc\u00edm mno\u017estv\u00ed se nach\u00e1zej\u00ed u\u017eite\u010dn\u00e1, ba nezbytn\u00e1 zlat\u00e1 zrna skv\u011bl\u00e9ho know-how, ale vn\u00edm\u00e1te taky cel\u00fd ten zlatokopeck\u00fd Klondike s\u00a0\u0159adou podvodn\u00edk\u016f, p\u0159edst\u00edra\u010d\u016f a lid\u00ed i agentur mysl\u00edc\u00edch na vypr\u00e1zdn\u011bn\u00ed va\u0161ich&hellip;Continue","og_url":"https:\/\/www.gruber.cz\/tdp\/o-nas\/cim-se-lisime\/","og_site_name":"David Gruber","article_publisher":"https:\/\/www.facebook.com\/gruber.cz\/","article_modified_time":"2017-05-11T08:22:08+00:00","twitter_card":"summary_large_image","twitter_misc":{"Odhadovan\u00e1 doba \u010dten\u00ed":"5 minut"},"schema":{"@context":"https:\/\/schema.org","@graph":[{"@type":"WebPage","@id":"https:\/\/www.gruber.cz\/tdp\/o-nas\/cim-se-lisime\/","url":"https:\/\/www.gruber.cz\/tdp\/o-nas\/cim-se-lisime\/","name":"\u010c\u00edm se li\u0161\u00edme - David Gruber","isPartOf":{"@id":"https:\/\/www.gruber.cz\/tdp\/#website"},"datePublished":"2017-01-23T06:09:46+00:00","dateModified":"2017-05-11T08:22:08+00:00","breadcrumb":{"@id":"https:\/\/www.gruber.cz\/tdp\/o-nas\/cim-se-lisime\/#breadcrumb"},"inLanguage":"cs","potentialAction":[{"@type":"ReadAction","target":["https:\/\/www.gruber.cz\/tdp\/o-nas\/cim-se-lisime\/"]}]},{"@type":"BreadcrumbList","@id":"https:\/\/www.gruber.cz\/tdp\/o-nas\/cim-se-lisime\/#breadcrumb","itemListElement":[{"@type":"ListItem","position":1,"name":"Dom\u016f","item":"https:\/\/www.gruber.cz\/tdp\/"},{"@type":"ListItem","position":2,"name":"o n\u00e1s","item":"https:\/\/www.gruber.cz\/tdp\/o-nas\/"},{"@type":"ListItem","position":3,"name":"\u010c\u00edm se li\u0161\u00edme"}]},{"@type":"WebSite","@id":"https:\/\/www.gruber.cz\/tdp\/#website","url":"https:\/\/www.gruber.cz\/tdp\/","name":"David Gruber","description":"Techniky du&scaron;evn&iacute; pr&aacute;ce","publisher":{"@id":"https:\/\/www.gruber.cz\/tdp\/#organization"},"potentialAction":[{"@type":"SearchAction","target":{"@type":"EntryPoint","urlTemplate":"https:\/\/www.gruber.cz\/tdp\/?s={search_term_string}"},"query-input":{"@type":"PropertyValueSpecification","valueRequired":true,"valueName":"search_term_string"}}],"inLanguage":"cs"},{"@type":"Organization","@id":"https:\/\/www.gruber.cz\/tdp\/#organization","name":"Gruber-TDP","url":"https:\/\/www.gruber.cz\/tdp\/","logo":{"@type":"ImageObject","inLanguage":"cs","@id":"https:\/\/www.gruber.cz\/tdp\/#\/schema\/logo\/image\/","url":"https:\/\/www.gruber.cz\/tdp\/wp-content\/uploads\/2017\/03\/cropped-DG2s.jpg","contentUrl":"https:\/\/www.gruber.cz\/tdp\/wp-content\/uploads\/2017\/03\/cropped-DG2s.jpg","width":512,"height":512,"caption":"Gruber-TDP"},"image":{"@id":"https:\/\/www.gruber.cz\/tdp\/#\/schema\/logo\/image\/"},"sameAs":["https:\/\/www.facebook.com\/gruber.cz\/","https:\/\/www.youtube.com\/user\/GruberTDP"]}]}},"_links":{"self":[{"href":"https:\/\/www.gruber.cz\/tdp\/wp-json\/wp\/v2\/pages\/15","targetHints":{"allow":["GET"]}}],"collection":[{"href":"https:\/\/www.gruber.cz\/tdp\/wp-json\/wp\/v2\/pages"}],"about":[{"href":"https:\/\/www.gruber.cz\/tdp\/wp-json\/wp\/v2\/types\/page"}],"author":[{"embeddable":true,"href":"https:\/\/www.gruber.cz\/tdp\/wp-json\/wp\/v2\/users\/2"}],"replies":[{"embeddable":true,"href":"https:\/\/www.gruber.cz\/tdp\/wp-json\/wp\/v2\/comments?post=15"}],"version-history":[{"count":4,"href":"https:\/\/www.gruber.cz\/tdp\/wp-json\/wp\/v2\/pages\/15\/revisions"}],"predecessor-version":[{"id":122,"href":"https:\/\/www.gruber.cz\/tdp\/wp-json\/wp\/v2\/pages\/15\/revisions\/122"}],"up":[{"embeddable":true,"href":"https:\/\/www.gruber.cz\/tdp\/wp-json\/wp\/v2\/pages\/13"}],"wp:attachment":[{"href":"https:\/\/www.gruber.cz\/tdp\/wp-json\/wp\/v2\/media?parent=15"}],"curies":[{"name":"wp","href":"https:\/\/api.w.org\/{rel}","templated":true}]}}