{"id":120,"date":"2017-05-10T19:38:39","date_gmt":"2017-05-10T19:38:39","guid":{"rendered":"http:\/\/www.gruber.cz\/tdp\/?page_id=120"},"modified":"2017-05-10T19:38:39","modified_gmt":"2017-05-10T19:38:39","slug":"psychovzorce","status":"publish","type":"page","link":"https:\/\/www.gruber.cz\/tdp\/psychovzorce\/","title":{"rendered":"Psychovzorce"},"content":{"rendered":"<p><b><span class=\"fs150 farmul\" style=\"color: #993366;\">Psychovzorce \u00ae<\/span><span style=\"color: #993366;\"><br \/>\n<\/span><\/b>jsou v\u011bc jednoduch\u00e1. Je snadn\u00e9 a velmi v\u00fdhodn\u00e9 a u\u017eite\u010dn\u00e9 je ovl\u00e1dat.<br \/>\nVelmi v\u00e1m zrychl\u00ed, zjednodu\u0161\u00ed a zp\u0159\u00edjemn\u00ed \u008d\u010dinnost, kter\u00e1 jako jedna z<br \/>\nm\u00e1la i dosud v 21. stolet\u00ed zab\u00edrala skoro tak hodn\u011b \u008d\u010dasu jako p\u0159ed<br \/>\nstalet\u00edmi &#8211; \u010dinnost zvan\u00e1 studium, rozvoj osobnosti. <b>Str\u00e1vit<br \/>\nve \u0161kol\u00e1ch a v\u016fbec p\u0159i u\u010den\u00ed zlomek \u010dasu oproti dosavadn\u00edmu stavu &#8211; a<br \/>\np\u0159itom s lep\u0161\u00edm v\u00fdsledkem? S psychovzorci to nen\u00ed utopie!<\/b><\/p>\n<div class=\"txtramecek\"><\/div>\n<div class=\"txtramecek\"><span class=\"fs150 farmul\"><b><span style=\"color: #993366;\">Farmulti metoda \u00ae<\/span><\/b> <\/span><br \/>\nje v\u011bc slo\u017eit\u00e1 &#8211; ale o tu se nemus\u00edte starat. Nemus\u00edte do n\u00ed pronikat.<br \/>\nNemus\u00edte ji ovl\u00e1dat. Sta\u010d\u00ed v\u00e1m zhruba a r\u00e1mcov\u011b v\u011bd\u011bt, o co jde. Nebo<br \/>\njen v\u011bd\u011bt, \u017ee to existuje.<\/div>\n","protected":false},"excerpt":{"rendered":"<p>Psychovzorce \u00ae jsou v\u011bc jednoduch\u00e1. Je snadn\u00e9 a velmi v\u00fdhodn\u00e9 a u\u017eite\u010dn\u00e9 je ovl\u00e1dat. Velmi v\u00e1m zrychl\u00ed, zjednodu\u0161\u00ed a zp\u0159\u00edjemn\u00ed \u008d\u010dinnost, kter\u00e1 jako jedna z m\u00e1la i dosud v 21. stolet\u00ed zab\u00edrala skoro tak hodn\u011b \u008d\u010dasu jako p\u0159ed stalet\u00edmi &#8211; \u010dinnost zvan\u00e1 studium, rozvoj osobnosti. Str\u00e1vit ve \u0161kol\u00e1ch a v\u016fbec p\u0159i u\u010den\u00ed zlomek \u010dasu oproti&hellip;<\/p>\n<p class=\"more-link-wrapper\"><a class=\"more-link\" href=\"https:\/\/www.gruber.cz\/tdp\/psychovzorce\/\">Continue<\/a><\/p>\n","protected":false},"author":3,"featured_media":0,"parent":0,"menu_order":0,"comment_status":"closed","ping_status":"closed","template":"","meta":{"footnotes":""},"class_list":["post-120","page","type-page","status-publish","hentry"],"yoast_head":"<!-- This site is optimized with the Yoast SEO plugin v25.5 - https:\/\/yoast.com\/wordpress\/plugins\/seo\/ -->\n<title>Psychovzorce - David Gruber<\/title>\n<meta name=\"robots\" content=\"index, follow, max-snippet:-1, max-image-preview:large, max-video-preview:-1\" \/>\n<link rel=\"canonical\" href=\"https:\/\/www.gruber.cz\/tdp\/psychovzorce\/\" \/>\n<meta property=\"og:locale\" content=\"cs_CZ\" \/>\n<meta property=\"og:type\" content=\"article\" \/>\n<meta property=\"og:title\" content=\"Psychovzorce - David Gruber\" \/>\n<meta property=\"og:description\" content=\"Psychovzorce \u00ae jsou v\u011bc jednoduch\u00e1. Je snadn\u00e9 a velmi v\u00fdhodn\u00e9 a u\u017eite\u010dn\u00e9 je ovl\u00e1dat. Velmi v\u00e1m zrychl\u00ed, zjednodu\u0161\u00ed a zp\u0159\u00edjemn\u00ed \u008d\u010dinnost, kter\u00e1 jako jedna z m\u00e1la i dosud v 21. stolet\u00ed zab\u00edrala skoro tak hodn\u011b \u008d\u010dasu jako p\u0159ed stalet\u00edmi &#8211; \u010dinnost zvan\u00e1 studium, rozvoj osobnosti. Str\u00e1vit ve \u0161kol\u00e1ch a v\u016fbec p\u0159i u\u010den\u00ed zlomek \u010dasu oproti&hellip;Continue\" \/>\n<meta property=\"og:url\" content=\"https:\/\/www.gruber.cz\/tdp\/psychovzorce\/\" \/>\n<meta property=\"og:site_name\" content=\"David Gruber\" \/>\n<meta property=\"article:publisher\" content=\"https:\/\/www.facebook.com\/gruber.cz\/\" \/>\n<meta name=\"twitter:card\" content=\"summary_large_image\" \/>\n<meta name=\"twitter:label1\" content=\"Odhadovan\u00e1 doba \u010dten\u00ed\" \/>\n\t<meta name=\"twitter:data1\" content=\"1 minuta\" \/>\n<script type=\"application\/ld+json\" class=\"yoast-schema-graph\">{\"@context\":\"https:\/\/schema.org\",\"@graph\":[{\"@type\":\"WebPage\",\"@id\":\"https:\/\/www.gruber.cz\/tdp\/psychovzorce\/\",\"url\":\"https:\/\/www.gruber.cz\/tdp\/psychovzorce\/\",\"name\":\"Psychovzorce - David Gruber\",\"isPartOf\":{\"@id\":\"https:\/\/www.gruber.cz\/tdp\/#website\"},\"datePublished\":\"2017-05-10T19:38:39+00:00\",\"breadcrumb\":{\"@id\":\"https:\/\/www.gruber.cz\/tdp\/psychovzorce\/#breadcrumb\"},\"inLanguage\":\"cs\",\"potentialAction\":[{\"@type\":\"ReadAction\",\"target\":[\"https:\/\/www.gruber.cz\/tdp\/psychovzorce\/\"]}]},{\"@type\":\"BreadcrumbList\",\"@id\":\"https:\/\/www.gruber.cz\/tdp\/psychovzorce\/#breadcrumb\",\"itemListElement\":[{\"@type\":\"ListItem\",\"position\":1,\"name\":\"Dom\u016f\",\"item\":\"https:\/\/www.gruber.cz\/tdp\/\"},{\"@type\":\"ListItem\",\"position\":2,\"name\":\"Psychovzorce\"}]},{\"@type\":\"WebSite\",\"@id\":\"https:\/\/www.gruber.cz\/tdp\/#website\",\"url\":\"https:\/\/www.gruber.cz\/tdp\/\",\"name\":\"David Gruber\",\"description\":\"Techniky du&scaron;evn&iacute; pr&aacute;ce\",\"publisher\":{\"@id\":\"https:\/\/www.gruber.cz\/tdp\/#organization\"},\"potentialAction\":[{\"@type\":\"SearchAction\",\"target\":{\"@type\":\"EntryPoint\",\"urlTemplate\":\"https:\/\/www.gruber.cz\/tdp\/?s={search_term_string}\"},\"query-input\":{\"@type\":\"PropertyValueSpecification\",\"valueRequired\":true,\"valueName\":\"search_term_string\"}}],\"inLanguage\":\"cs\"},{\"@type\":\"Organization\",\"@id\":\"https:\/\/www.gruber.cz\/tdp\/#organization\",\"name\":\"Gruber-TDP\",\"url\":\"https:\/\/www.gruber.cz\/tdp\/\",\"logo\":{\"@type\":\"ImageObject\",\"inLanguage\":\"cs\",\"@id\":\"https:\/\/www.gruber.cz\/tdp\/#\/schema\/logo\/image\/\",\"url\":\"https:\/\/www.gruber.cz\/tdp\/wp-content\/uploads\/2017\/03\/cropped-DG2s.jpg\",\"contentUrl\":\"https:\/\/www.gruber.cz\/tdp\/wp-content\/uploads\/2017\/03\/cropped-DG2s.jpg\",\"width\":512,\"height\":512,\"caption\":\"Gruber-TDP\"},\"image\":{\"@id\":\"https:\/\/www.gruber.cz\/tdp\/#\/schema\/logo\/image\/\"},\"sameAs\":[\"https:\/\/www.facebook.com\/gruber.cz\/\",\"https:\/\/www.youtube.com\/user\/GruberTDP\"]}]}<\/script>\n<!-- \/ Yoast SEO plugin. -->","yoast_head_json":{"title":"Psychovzorce - David Gruber","robots":{"index":"index","follow":"follow","max-snippet":"max-snippet:-1","max-image-preview":"max-image-preview:large","max-video-preview":"max-video-preview:-1"},"canonical":"https:\/\/www.gruber.cz\/tdp\/psychovzorce\/","og_locale":"cs_CZ","og_type":"article","og_title":"Psychovzorce - David Gruber","og_description":"Psychovzorce \u00ae jsou v\u011bc jednoduch\u00e1. Je snadn\u00e9 a velmi v\u00fdhodn\u00e9 a u\u017eite\u010dn\u00e9 je ovl\u00e1dat. Velmi v\u00e1m zrychl\u00ed, zjednodu\u0161\u00ed a zp\u0159\u00edjemn\u00ed \u008d\u010dinnost, kter\u00e1 jako jedna z m\u00e1la i dosud v 21. stolet\u00ed zab\u00edrala skoro tak hodn\u011b \u008d\u010dasu jako p\u0159ed stalet\u00edmi &#8211; \u010dinnost zvan\u00e1 studium, rozvoj osobnosti. Str\u00e1vit ve \u0161kol\u00e1ch a v\u016fbec p\u0159i u\u010den\u00ed zlomek \u010dasu oproti&hellip;Continue","og_url":"https:\/\/www.gruber.cz\/tdp\/psychovzorce\/","og_site_name":"David Gruber","article_publisher":"https:\/\/www.facebook.com\/gruber.cz\/","twitter_card":"summary_large_image","twitter_misc":{"Odhadovan\u00e1 doba \u010dten\u00ed":"1 minuta"},"schema":{"@context":"https:\/\/schema.org","@graph":[{"@type":"WebPage","@id":"https:\/\/www.gruber.cz\/tdp\/psychovzorce\/","url":"https:\/\/www.gruber.cz\/tdp\/psychovzorce\/","name":"Psychovzorce - David Gruber","isPartOf":{"@id":"https:\/\/www.gruber.cz\/tdp\/#website"},"datePublished":"2017-05-10T19:38:39+00:00","breadcrumb":{"@id":"https:\/\/www.gruber.cz\/tdp\/psychovzorce\/#breadcrumb"},"inLanguage":"cs","potentialAction":[{"@type":"ReadAction","target":["https:\/\/www.gruber.cz\/tdp\/psychovzorce\/"]}]},{"@type":"BreadcrumbList","@id":"https:\/\/www.gruber.cz\/tdp\/psychovzorce\/#breadcrumb","itemListElement":[{"@type":"ListItem","position":1,"name":"Dom\u016f","item":"https:\/\/www.gruber.cz\/tdp\/"},{"@type":"ListItem","position":2,"name":"Psychovzorce"}]},{"@type":"WebSite","@id":"https:\/\/www.gruber.cz\/tdp\/#website","url":"https:\/\/www.gruber.cz\/tdp\/","name":"David Gruber","description":"Techniky du&scaron;evn&iacute; pr&aacute;ce","publisher":{"@id":"https:\/\/www.gruber.cz\/tdp\/#organization"},"potentialAction":[{"@type":"SearchAction","target":{"@type":"EntryPoint","urlTemplate":"https:\/\/www.gruber.cz\/tdp\/?s={search_term_string}"},"query-input":{"@type":"PropertyValueSpecification","valueRequired":true,"valueName":"search_term_string"}}],"inLanguage":"cs"},{"@type":"Organization","@id":"https:\/\/www.gruber.cz\/tdp\/#organization","name":"Gruber-TDP","url":"https:\/\/www.gruber.cz\/tdp\/","logo":{"@type":"ImageObject","inLanguage":"cs","@id":"https:\/\/www.gruber.cz\/tdp\/#\/schema\/logo\/image\/","url":"https:\/\/www.gruber.cz\/tdp\/wp-content\/uploads\/2017\/03\/cropped-DG2s.jpg","contentUrl":"https:\/\/www.gruber.cz\/tdp\/wp-content\/uploads\/2017\/03\/cropped-DG2s.jpg","width":512,"height":512,"caption":"Gruber-TDP"},"image":{"@id":"https:\/\/www.gruber.cz\/tdp\/#\/schema\/logo\/image\/"},"sameAs":["https:\/\/www.facebook.com\/gruber.cz\/","https:\/\/www.youtube.com\/user\/GruberTDP"]}]}},"_links":{"self":[{"href":"https:\/\/www.gruber.cz\/tdp\/wp-json\/wp\/v2\/pages\/120","targetHints":{"allow":["GET"]}}],"collection":[{"href":"https:\/\/www.gruber.cz\/tdp\/wp-json\/wp\/v2\/pages"}],"about":[{"href":"https:\/\/www.gruber.cz\/tdp\/wp-json\/wp\/v2\/types\/page"}],"author":[{"embeddable":true,"href":"https:\/\/www.gruber.cz\/tdp\/wp-json\/wp\/v2\/users\/3"}],"replies":[{"embeddable":true,"href":"https:\/\/www.gruber.cz\/tdp\/wp-json\/wp\/v2\/comments?post=120"}],"version-history":[{"count":1,"href":"https:\/\/www.gruber.cz\/tdp\/wp-json\/wp\/v2\/pages\/120\/revisions"}],"predecessor-version":[{"id":121,"href":"https:\/\/www.gruber.cz\/tdp\/wp-json\/wp\/v2\/pages\/120\/revisions\/121"}],"wp:attachment":[{"href":"https:\/\/www.gruber.cz\/tdp\/wp-json\/wp\/v2\/media?parent=120"}],"curies":[{"name":"wp","href":"https:\/\/api.w.org\/{rel}","templated":true}]}}